{"id":585,"date":"2017-12-15T11:18:54","date_gmt":"2017-12-15T11:18:54","guid":{"rendered":"http:\/\/www.ongropack.com\/?page_id=585\/"},"modified":"2025-11-20T12:20:03","modified_gmt":"2025-11-20T12:20:03","slug":"tarsadalmi-felelossegvallalas","status":"publish","type":"page","link":"https:\/\/www.ongropack.com\/hu\/rolunk\/tarsadalmi-felelossegvallalas\/","title":{"rendered":"T\u00e1rsadalmi felel\u0151ss\u00e9gv\u00e1llal\u00e1s"},"content":{"rendered":"<p>Az Ongropack Kft., Magyarorsz\u00e1g egyik piacvezet\u0151 m\u0171anyagipari v\u00e1llalat\u00e1nak m\u0171k\u00f6d\u00e9se elv\u00e1laszthatatlan az \u0151t k\u00f6r\u00fclvev\u0151 t\u00e1rsadalomt\u00f3l \u00e9s k\u00f6rnyezett\u0151l, ez\u00e9rt strat\u00e9gi\u00e1j\u00e1ban szerepet kap a t\u00e1rsadalmi felel\u0151ss\u00e9gv\u00e1llal\u00e1s.<\/p>\n<p>T\u00e1rsas\u00e1gunk sz\u00e1mos ter\u00fcleten v\u00e1llalja t\u00e1rsadalmi vagy tudom\u00e1nyos szempontb\u00f3l fontos kezdem\u00e9nyez\u00e9sek t\u00e1mogat\u00e1s\u00e1t.<\/p>\n<p>C\u00e9g\u00fcnkn\u00e9l azon dolgozunk, hogy minden m\u0171k\u00f6d\u00e9s\u00fcnkb\u0151l ad\u00f3d\u00f3 negat\u00edv t\u00e1rsadalmi \u00e9s k\u00f6rnyezeti hat\u00e1st minim\u00e1lisra cs\u00f6kkents\u00fcnk.<\/p>\n<h2>K\u00d6RNYEZET<\/h2>\n<p><strong>Felel\u0151ss\u00e9ggel m\u0171k\u00f6dve<\/strong><\/p>\n<p>A PVC term\u00e9kek gy\u00e1rt\u00e1s\u00e1nak \u00e9s sz\u00e1ll\u00edt\u00e1s\u00e1nak met\u00f3dusa a K\u00f6rnyezet Ir\u00e1ny\u00edt\u00e1si Rendszer szab\u00e1lya szerint lettek kialak\u00edtva. Ennek eredm\u00e9nyek\u00e9pp, a felhaszn\u00e1l\u00e1sra v\u00e1r\u00f3 alapanyag pormentes folyamatokon kereszt\u00fcl ker\u00fcl a gy\u00e1rt\u00f3sorokhoz. Az Ongropack \u00e1ltal haszn\u00e1lt technol\u00f3gi\u00e1nak minim\u00e1lis k\u00f6rnyezeti terhel\u00e9st jelent.<\/p>\n<p>Az Ongropack Kft. k\u00fcl\u00f6nleges figyelmet ford\u00edt a k\u00f6rnyezetv\u00e9delemre. Annak \u00e9rdek\u00e9ben, hogy a legmagasabb elv\u00e1r\u00e1soknak is megfelelhessen, K\u00f6rnyezetir\u00e1ny\u00edt\u00e1si Rendszert m\u0171k\u00f6dtet. A rendszer hat\u00e9konys\u00e1g\u00e1nak biztos\u00edt\u00e1sa \u00e9rdek\u00e9ben a T\u00e1rsas\u00e1gunk minden tev\u00e9kenys\u00e9g\u00e9t KIR k\u00e9zik\u00f6nyv\u00e9ben lejegyzett folyamatle\u00edr\u00e1sok szerint v\u00e9gzi.<\/p>\n<p>A termel\u00e9s sor\u00e1n keletkez\u0151 hullad\u00e9k jelent\u0151s r\u00e9sze visszaforgat\u00e1sra ker\u00fcl. T\u00e1rsas\u00e1gunk a vissza nem forgatott, illetve vesz\u00e9lyes hullad\u00e9kot elk\u00fcl\u00f6n\u00edtetten gy\u0171jti \u00e9s \u0151rzi, ezek elsz\u00e1ll\u00edt\u00e1s\u00e1r\u00f3l a t\u00f6rv\u00e9nyeknek megfelel\u0151en gondoskodik.<\/p>\n<p>V\u00e1llalatunk \u00e9ves hullad\u00e9kkezel\u00e9si jelent\u00e9st k\u00e9sz\u00edt, amelyet a kompetens hat\u00f3s\u00e1goknak tov\u00e1bb\u00edt.<\/p>\n<p class=\"text--center\"><img loading=\"lazy\" decoding=\"async\" class=\"aligncenter wp-image-595 size-full\" src=\"\/wp-content\/uploads\/2017\/12\/^DEE04650416B8EE441BA634561FEEDEA2421C5AD76C70A753C^pimgpsh_fullsize_distr.jpg\" alt=\"\" width=\"620\" height=\"417\" srcset=\"https:\/\/www.ongropack.com\/wp-content\/uploads\/2017\/12\/^DEE04650416B8EE441BA634561FEEDEA2421C5AD76C70A753C^pimgpsh_fullsize_distr.jpg 620w, https:\/\/www.ongropack.com\/wp-content\/uploads\/2017\/12\/^DEE04650416B8EE441BA634561FEEDEA2421C5AD76C70A753C^pimgpsh_fullsize_distr-300x202.jpg 300w\" sizes=\"auto, (max-width: 620px) 100vw, 620px\" \/><\/p>\n<p><strong>\u00d6nk\u00e9ntes elk\u00f6telezetts\u00e9g<\/strong><\/p>\n<p>Az Ongropack Kft. kiemelten fontosnak tartja az eur\u00f3pai PVC ipar k\u00f6rnyezettudatoss\u00e1g \u00e9s fenntarthat\u00f3 fejl\u0151d\u00e9s jegy\u00e9ben kit\u0171z\u00f6tt c\u00e9ljainak el\u00e9r\u00e9s\u00e9t.<br \/>\nA Vinyl 2010 program biztos\u00edtja a keretet a kit\u0171z\u00f6tt c\u00e9lok megval\u00f3s\u00edt\u00e1s\u00e1nak megszervez\u00e9s\u00e9hez \u00e9s v\u00e9grehajt\u00e1s\u00e1hoz, ez\u00e9rt v\u00e1llalatunk elk\u00f6telezett a program kezdem\u00e9nyez\u00e9sei mellett. A 10 \u00e9vre sz\u00f3l\u00f3 Fenntarthat\u00f3 Fejl\u0151d\u00e9s Kezdem\u00e9nyez\u00e9s fel\u00f6leli a PVC teljes \u00e9letciklus\u00e1t, \u00edgy konkr\u00e9t c\u00e9lkit\u0171z\u00e9seket tartalmaz a PVC gy\u00e1rt\u00e1ssal j\u00e1r\u00f3 emisszi\u00f3 ellen\u0151rz\u00e9s\u00e9re, adal\u00e9kanyagok haszn\u00e1lat\u00e1ra, illetve a felel\u0151ss\u00e9gteljes hullad\u00e9kkezel\u00e9sre vonatkoz\u00f3an.<\/p>\n<p>A Vinyl 2010 aj\u00e1nl\u00e1s\u00e1ra az Eur\u00f3pai Uni\u00f3 c\u00e9lul t\u0171zte ki az \u00f3lomstabiliz\u00e1torok 2015-ig val\u00f3 teljes kivon\u00e1s\u00e1t a PVC term\u00e9kek gy\u00e1rt\u00e1s\u00e1b\u00f3l. F\u00fcggetlen szak\u00e9rt\u0151k \u00e1ltal k\u00e9sz\u00edtett Kock\u00e1zatbecsl\u00e9s azt jelzi, hogy &#8211; tekintettel az \u00e1tlagn\u00e9pess\u00e9gre \u2013nincs ok aggodalomra az \u00f3lom \u00e9s \u00f3lomalap\u00fa kompaundoknak val\u00f3 k\u00f6rnyezeti kitetts\u00e9ggel kapcsolatosan, de a foglalkoz\u00e1si expoz\u00edci\u00f3t az \u00fczemekben tov\u00e1bb kell cs\u00f6kkenteni. Az Ongropack Kft. m\u00e1r 2008. j\u00falius\u00e1t\u00f3l megkezdte az \u00f3lomstabiliz\u00e1torok kivon\u00e1s\u00e1t, \u00e9s 2009. janu\u00e1rj\u00e1t\u00f3l kiz\u00e1r\u00f3lag Ca-Zn-et haszn\u00e1l a PVC s\u00edklemezek gy\u00e1rt\u00e1sa sor\u00e1n.<\/p>\n<p class=\"text--center\"><img loading=\"lazy\" decoding=\"async\" class=\"alignnone size-full wp-image-643\" src=\"\/wp-content\/uploads\/2017\/12\/^DEE04650416B8EE441BA634561FEEDEA2421C5AD76C70A753C^pimgpsh_fullsize_distr.png\" alt=\"\" width=\"620\" height=\"417\" srcset=\"https:\/\/www.ongropack.com\/wp-content\/uploads\/2017\/12\/^DEE04650416B8EE441BA634561FEEDEA2421C5AD76C70A753C^pimgpsh_fullsize_distr.png 620w, https:\/\/www.ongropack.com\/wp-content\/uploads\/2017\/12\/^DEE04650416B8EE441BA634561FEEDEA2421C5AD76C70A753C^pimgpsh_fullsize_distr-300x202.png 300w\" sizes=\"auto, (max-width: 620px) 100vw, 620px\" \/><\/p>\n<h2>K\u00d6Z\u00d6SS\u00c9G<\/h2>\n<p><strong>Felel\u0151ss\u00e9ggel a munkav\u00e1llal\u00f3k\u00e9rt<\/strong><\/p>\n<p>&nbsp;<\/p>\n<p>Felel\u0151ss\u00e9ggel a k\u00f6z\u00f6ss\u00e9g\u00e9rt az Ongropack Kft. egyik legfontosabb t\u00e1rsadalmi felel\u0151ss\u00e9g\u00e9nek a munkav\u00e1llal\u00f3i kapcsolatait tartja. C\u00e9ljainak el\u00e9r\u00e9s\u00e9hez valamennyi munkav\u00e1llal\u00f3j\u00e1nak elk\u00f6telezetts\u00e9ge, naprak\u00e9sz tud\u00e1sa, proakt\u00edv hozz\u00e1\u00e1ll\u00e1sa sz\u00fcks\u00e9ges.<\/p>\n<p>A gyorsan v\u00e1ltoz\u00f3 piaci elv\u00e1r\u00e1sok gyors reag\u00e1l\u00e1st k\u00edv\u00e1nnak, az ehhez sz\u00fcks\u00e9ges szakmai h\u00e1tt\u00e9rt a T\u00e1rsas\u00e1g k\u00e9pz\u00e9si terve biztos\u00edtja. Az Ongropack nyitott az egy\u00e9ni elk\u00e9pzel\u00e9sekre \u00e9s az olyan k\u00e9pz\u00e9sek biztos\u00edt\u00e1s\u00e1ra is, amelyek a munkat\u00e1rsak j\u00f6v\u0151beni karrierj\u00e9t t\u00e1mogatj\u00e1k. A j\u00f3l k\u00e9pzett munkaer\u0151 a v\u00e1llalat sz\u00e1m\u00e1ra komoly versenyel\u0151nyt jelent, m\u00edg a munkav\u00e1llal\u00f3 szempontj\u00e1b\u00f3l a munkaer\u0151piaci \u00e9rt\u00e9k\u00e9t emeli. Az Ongropack csoportos \u00e9let- \u00e9s balesetbiztos\u00edt\u00e1st k\u00f6t minden munkav\u00e1llal\u00f3j\u00e1ra. Munkat\u00e1rsaink eg\u00e9szs\u00e9g\u00e9nek meg\u0151rz\u00e9se \u00e9s a biztons\u00e1gos munkav\u00e9gz\u00e9s felt\u00e9teleinek megteremt\u00e9se \u00e9rdek\u00e9ben szerz\u0151d\u00f6tt \u00fczemorvos \u00e1ll<br \/>\na munkav\u00e1llal\u00f3k rendelkez\u00e9s\u00e9re munkaidej\u00fck alatt.<\/p>\n<p>V\u00e1llalatunk megalakul\u00e1sa \u00f3ta t\u00e1mogatja sz\u0171kebb k\u00f6rnyezet\u00e9nek t\u00e1rsadalmi \u00e9s oktat\u00e1s\u00fcgyi kezdem\u00e9nyez\u00e9seit. Gyakori szponzorai vagyunk a k\u00f6rnyez\u0151 telep\u00fcl\u00e9sek iskol\u00e1i, non-profit t\u00e1rsas\u00e1gai \u00e1ltal szervezett esem\u00e9nyeknek.<\/p>\n<p>A besz\u00e1ll\u00edt\u00f3ink kiv\u00e1laszt\u00e1s\u00e1n\u00e1l el\u0151nyt \u00e9vez\u00adnek a helyi besz\u00e1ll\u00edt\u00f3k. Tudatos d\u00f6nt\u00e9s ez, hiszen az \u0151 tev\u00e9kenys\u00e9g\u00fckkel a v\u00e1llalat k\u00f6zvetett m\u00f3don is hozz\u00e1j\u00e1rul a r\u00e9gi\u00f3n bel\u00fcli gaz\u00addas\u00e1gi n\u00f6veked\u00e9shez, a foglalkoztatott\u00ads\u00e1g fenntart\u00e1s\u00e1hoz.<\/p>\n<p>A kist\u00e9rs\u00e9gben \u00e9l\u0151 fels\u0151oktat\u00e1si hallgat\u00f3k gyakorlatszerz\u00e9se c\u00e9lj\u00e1b\u00f3l minden \u00e9ven fogadunk gyakornokokat, akiknek kiemelked\u0151 teljes\u00edtm\u00e9ny eset\u00e9n biztos meg\u00e9lhet\u00e9st k\u00edn\u00e1l\u00f3 munkahelyet aj\u00e1nl t\u00e1rsas\u00e1gunk.<\/p>\n","protected":false},"excerpt":{"rendered":"<p>Az Ongropack Kft., Magyarorsz\u00e1g egyik piacvezet\u0151 m\u0171anyagipari v\u00e1llalat\u00e1nak m\u0171k\u00f6d\u00e9se elv\u00e1laszthatatlan az \u0151t k\u00f6r\u00fclvev\u0151 t\u00e1rsadalomt\u00f3l \u00e9s k\u00f6rnyezett\u0151l, ez\u00e9rt strat\u00e9gi\u00e1j\u00e1ban szerepet kap a t\u00e1rsadalmi felel\u0151ss\u00e9gv\u00e1llal\u00e1s. T\u00e1rsas\u00e1gunk sz\u00e1mos ter\u00fcleten v\u00e1llalja t\u00e1rsadalmi vagy tudom\u00e1nyos szempontb\u00f3l fontos kezdem\u00e9nyez\u00e9sek t\u00e1mogat\u00e1s\u00e1t. C\u00e9g\u00fcnkn\u00e9l azon dolgozunk, hogy minden m\u0171k\u00f6d\u00e9s\u00fcnkb\u0151l ad\u00f3d\u00f3 negat\u00edv t\u00e1rsadalmi \u00e9s k\u00f6rnyezeti hat\u00e1st minim\u00e1lisra cs\u00f6kkents\u00fcnk. K\u00d6RNYEZET Felel\u0151ss\u00e9ggel m\u0171k\u00f6dve A PVC term\u00e9kek gy\u00e1rt\u00e1s\u00e1nak&#8230;<\/p>\n","protected":false},"author":1,"featured_media":0,"parent":163,"menu_order":0,"comment_status":"closed","ping_status":"closed","template":"","meta":{"footnotes":""},"class_list":["post-585","page","type-page","status-publish","hentry"],"yoast_head":"<!-- This site is optimized with the Yoast SEO plugin v26.8 - https:\/\/yoast.com\/product\/yoast-seo-wordpress\/ -->\n<title>T\u00e1rsadalmi felel\u0151ss\u00e9gv\u00e1llal\u00e1s - Ongropack<\/title>\n<meta name=\"robots\" content=\"index, follow, max-snippet:-1, max-image-preview:large, max-video-preview:-1\" \/>\n<link rel=\"canonical\" href=\"https:\/\/blog.ongropack.com\/hu\/rolunk\/tarsadalmi-felelossegvallalas\/\" \/>\n<meta property=\"og:locale\" content=\"hu_HU\" \/>\n<meta property=\"og:type\" content=\"article\" \/>\n<meta property=\"og:title\" content=\"T\u00e1rsadalmi felel\u0151ss\u00e9gv\u00e1llal\u00e1s - Ongropack\" \/>\n<meta property=\"og:description\" content=\"Az Ongropack Kft., Magyarorsz\u00e1g egyik piacvezet\u0151 m\u0171anyagipari v\u00e1llalat\u00e1nak m\u0171k\u00f6d\u00e9se elv\u00e1laszthatatlan az \u0151t k\u00f6r\u00fclvev\u0151 t\u00e1rsadalomt\u00f3l \u00e9s k\u00f6rnyezett\u0151l, ez\u00e9rt strat\u00e9gi\u00e1j\u00e1ban szerepet kap a t\u00e1rsadalmi felel\u0151ss\u00e9gv\u00e1llal\u00e1s. T\u00e1rsas\u00e1gunk sz\u00e1mos ter\u00fcleten v\u00e1llalja t\u00e1rsadalmi vagy tudom\u00e1nyos szempontb\u00f3l fontos kezdem\u00e9nyez\u00e9sek t\u00e1mogat\u00e1s\u00e1t. C\u00e9g\u00fcnkn\u00e9l azon dolgozunk, hogy minden m\u0171k\u00f6d\u00e9s\u00fcnkb\u0151l ad\u00f3d\u00f3 negat\u00edv t\u00e1rsadalmi \u00e9s k\u00f6rnyezeti hat\u00e1st minim\u00e1lisra cs\u00f6kkents\u00fcnk. K\u00d6RNYEZET Felel\u0151ss\u00e9ggel m\u0171k\u00f6dve A PVC term\u00e9kek gy\u00e1rt\u00e1s\u00e1nak...\" \/>\n<meta property=\"og:url\" content=\"https:\/\/blog.ongropack.com\/hu\/rolunk\/tarsadalmi-felelossegvallalas\/\" \/>\n<meta property=\"og:site_name\" content=\"Ongropack\" \/>\n<meta property=\"article:modified_time\" content=\"2025-11-20T12:20:03+00:00\" \/>\n<meta name=\"twitter:card\" content=\"summary_large_image\" \/>\n<meta name=\"twitter:label1\" content=\"Becs\u00fclt olvas\u00e1si id\u0151\" \/>\n\t<meta name=\"twitter:data1\" content=\"3 perc\" \/>\n<script type=\"application\/ld+json\" class=\"yoast-schema-graph\">{\"@context\":\"https:\/\/schema.org\",\"@graph\":[{\"@type\":\"WebPage\",\"@id\":\"https:\/\/blog.ongropack.com\/hu\/rolunk\/tarsadalmi-felelossegvallalas\/\",\"url\":\"https:\/\/blog.ongropack.com\/hu\/rolunk\/tarsadalmi-felelossegvallalas\/\",\"name\":\"T\u00e1rsadalmi felel\u0151ss\u00e9gv\u00e1llal\u00e1s - Ongropack\",\"isPartOf\":{\"@id\":\"https:\/\/www.ongropack.com\/hu\/#website\"},\"datePublished\":\"2017-12-15T11:18:54+00:00\",\"dateModified\":\"2025-11-20T12:20:03+00:00\",\"breadcrumb\":{\"@id\":\"https:\/\/blog.ongropack.com\/hu\/rolunk\/tarsadalmi-felelossegvallalas\/#breadcrumb\"},\"inLanguage\":\"hu\",\"potentialAction\":[{\"@type\":\"ReadAction\",\"target\":[\"https:\/\/blog.ongropack.com\/hu\/rolunk\/tarsadalmi-felelossegvallalas\/\"]}]},{\"@type\":\"BreadcrumbList\",\"@id\":\"https:\/\/blog.ongropack.com\/hu\/rolunk\/tarsadalmi-felelossegvallalas\/#breadcrumb\",\"itemListElement\":[{\"@type\":\"ListItem\",\"position\":1,\"name\":\"Home\",\"item\":\"https:\/\/www.ongropack.com\/hu\/\"},{\"@type\":\"ListItem\",\"position\":2,\"name\":\"R\u00f3lunk\",\"item\":\"https:\/\/blog.ongropack.com\/hu\/rolunk\/\"},{\"@type\":\"ListItem\",\"position\":3,\"name\":\"T\u00e1rsadalmi felel\u0151ss\u00e9gv\u00e1llal\u00e1s\"}]},{\"@type\":\"WebSite\",\"@id\":\"https:\/\/www.ongropack.com\/hu\/#website\",\"url\":\"https:\/\/www.ongropack.com\/hu\/\",\"name\":\"Ongropack\",\"description\":\"\",\"potentialAction\":[{\"@type\":\"SearchAction\",\"target\":{\"@type\":\"EntryPoint\",\"urlTemplate\":\"https:\/\/www.ongropack.com\/hu\/?s={search_term_string}\"},\"query-input\":{\"@type\":\"PropertyValueSpecification\",\"valueRequired\":true,\"valueName\":\"search_term_string\"}}],\"inLanguage\":\"hu\"}]}<\/script>\n<!-- \/ Yoast SEO plugin. -->","yoast_head_json":{"title":"T\u00e1rsadalmi felel\u0151ss\u00e9gv\u00e1llal\u00e1s - Ongropack","robots":{"index":"index","follow":"follow","max-snippet":"max-snippet:-1","max-image-preview":"max-image-preview:large","max-video-preview":"max-video-preview:-1"},"canonical":"https:\/\/blog.ongropack.com\/hu\/rolunk\/tarsadalmi-felelossegvallalas\/","og_locale":"hu_HU","og_type":"article","og_title":"T\u00e1rsadalmi felel\u0151ss\u00e9gv\u00e1llal\u00e1s - Ongropack","og_description":"Az Ongropack Kft., Magyarorsz\u00e1g egyik piacvezet\u0151 m\u0171anyagipari v\u00e1llalat\u00e1nak m\u0171k\u00f6d\u00e9se elv\u00e1laszthatatlan az \u0151t k\u00f6r\u00fclvev\u0151 t\u00e1rsadalomt\u00f3l \u00e9s k\u00f6rnyezett\u0151l, ez\u00e9rt strat\u00e9gi\u00e1j\u00e1ban szerepet kap a t\u00e1rsadalmi felel\u0151ss\u00e9gv\u00e1llal\u00e1s. T\u00e1rsas\u00e1gunk sz\u00e1mos ter\u00fcleten v\u00e1llalja t\u00e1rsadalmi vagy tudom\u00e1nyos szempontb\u00f3l fontos kezdem\u00e9nyez\u00e9sek t\u00e1mogat\u00e1s\u00e1t. C\u00e9g\u00fcnkn\u00e9l azon dolgozunk, hogy minden m\u0171k\u00f6d\u00e9s\u00fcnkb\u0151l ad\u00f3d\u00f3 negat\u00edv t\u00e1rsadalmi \u00e9s k\u00f6rnyezeti hat\u00e1st minim\u00e1lisra cs\u00f6kkents\u00fcnk. K\u00d6RNYEZET Felel\u0151ss\u00e9ggel m\u0171k\u00f6dve A PVC term\u00e9kek gy\u00e1rt\u00e1s\u00e1nak...","og_url":"https:\/\/blog.ongropack.com\/hu\/rolunk\/tarsadalmi-felelossegvallalas\/","og_site_name":"Ongropack","article_modified_time":"2025-11-20T12:20:03+00:00","twitter_card":"summary_large_image","twitter_misc":{"Becs\u00fclt olvas\u00e1si id\u0151":"3 perc"},"schema":{"@context":"https:\/\/schema.org","@graph":[{"@type":"WebPage","@id":"https:\/\/blog.ongropack.com\/hu\/rolunk\/tarsadalmi-felelossegvallalas\/","url":"https:\/\/blog.ongropack.com\/hu\/rolunk\/tarsadalmi-felelossegvallalas\/","name":"T\u00e1rsadalmi felel\u0151ss\u00e9gv\u00e1llal\u00e1s - Ongropack","isPartOf":{"@id":"https:\/\/www.ongropack.com\/hu\/#website"},"datePublished":"2017-12-15T11:18:54+00:00","dateModified":"2025-11-20T12:20:03+00:00","breadcrumb":{"@id":"https:\/\/blog.ongropack.com\/hu\/rolunk\/tarsadalmi-felelossegvallalas\/#breadcrumb"},"inLanguage":"hu","potentialAction":[{"@type":"ReadAction","target":["https:\/\/blog.ongropack.com\/hu\/rolunk\/tarsadalmi-felelossegvallalas\/"]}]},{"@type":"BreadcrumbList","@id":"https:\/\/blog.ongropack.com\/hu\/rolunk\/tarsadalmi-felelossegvallalas\/#breadcrumb","itemListElement":[{"@type":"ListItem","position":1,"name":"Home","item":"https:\/\/www.ongropack.com\/hu\/"},{"@type":"ListItem","position":2,"name":"R\u00f3lunk","item":"https:\/\/blog.ongropack.com\/hu\/rolunk\/"},{"@type":"ListItem","position":3,"name":"T\u00e1rsadalmi felel\u0151ss\u00e9gv\u00e1llal\u00e1s"}]},{"@type":"WebSite","@id":"https:\/\/www.ongropack.com\/hu\/#website","url":"https:\/\/www.ongropack.com\/hu\/","name":"Ongropack","description":"","potentialAction":[{"@type":"SearchAction","target":{"@type":"EntryPoint","urlTemplate":"https:\/\/www.ongropack.com\/hu\/?s={search_term_string}"},"query-input":{"@type":"PropertyValueSpecification","valueRequired":true,"valueName":"search_term_string"}}],"inLanguage":"hu"}]}},"_links":{"self":[{"href":"https:\/\/www.ongropack.com\/hu\/wp-json\/wp\/v2\/pages\/585","targetHints":{"allow":["GET"]}}],"collection":[{"href":"https:\/\/www.ongropack.com\/hu\/wp-json\/wp\/v2\/pages"}],"about":[{"href":"https:\/\/www.ongropack.com\/hu\/wp-json\/wp\/v2\/types\/page"}],"author":[{"embeddable":true,"href":"https:\/\/www.ongropack.com\/hu\/wp-json\/wp\/v2\/users\/1"}],"replies":[{"embeddable":true,"href":"https:\/\/www.ongropack.com\/hu\/wp-json\/wp\/v2\/comments?post=585"}],"version-history":[{"count":2,"href":"https:\/\/www.ongropack.com\/hu\/wp-json\/wp\/v2\/pages\/585\/revisions"}],"predecessor-version":[{"id":1174,"href":"https:\/\/www.ongropack.com\/hu\/wp-json\/wp\/v2\/pages\/585\/revisions\/1174"}],"up":[{"embeddable":true,"href":"https:\/\/www.ongropack.com\/hu\/wp-json\/wp\/v2\/pages\/163"}],"wp:attachment":[{"href":"https:\/\/www.ongropack.com\/hu\/wp-json\/wp\/v2\/media?parent=585"}],"curies":[{"name":"wp","href":"https:\/\/api.w.org\/{rel}","templated":true}]}}