{"id":187,"date":"2017-06-13T13:17:52","date_gmt":"2017-06-13T13:17:52","guid":{"rendered":"http:\/\/www.ongropack.com\/?page_id=187\/"},"modified":"2017-06-13T15:09:42","modified_gmt":"2017-06-13T15:09:42","slug":"allas","status":"publish","type":"page","link":"https:\/\/www.ongropack.com\/hu\/allas\/","title":{"rendered":"Tal\u00e1ld meg a sz\u00e1modra ide\u00e1lis \u00e1ll\u00e1st"},"content":{"rendered":"<h2><!--(figma)ZmlnLWtpd2kBAAAA+QsAAI0Ze5\/jVPXetPPcJ4iIiIiIiKi4i4iIiKRN2mYmTbJJOo8VKZk27YRJk5qbzs6siIhPvrXn3JNXZ0Z\/7h+Tex733PO+53a1YShEMA\/9y2XI2K0927DGnq+6PoN\/lq3p4+5Atfq6ByAfebrbgBXJrVsarFue0bdUE1Ztzz82dVhsyMXY01HWZi157O0bztjVTVvFnVuW7Ru947E3sEemNh45fVfVcP92sRxrtoXwTgm7es\/VvQGgdtWLSIAiR6jtMaqoTiZgEKBcXdXGtmUilkng0DV8lMOtdBo6p4EAg5UukHxdI6ahfSCX\/DBKplEyd1cx8li29Vh3beSxNa2UQB57xiLlmGZ3R0PdQlt5V7UOVOmhvmuPHHRPz1WHyNfu2Lapq9bYdnRX9Q3bQk8d6F3fdtFN6CF0imlIsdu6aRqOJ813gQlcL3276+r9kam6Y8c2j\/tSyC04ytJ0bdzku+3rR6jSHc80uoi46x0POzbG6Z5hwWGWxN7vxGEyHYJVjH3DUT1v7A9AXH9AWeAOZWS5prr7Op6lDEembzjSuS1UFTTpjFwktbu2aVfQhmn0B77cs+mBr+Vqq9ih2VpfGklbSnAHouCaKsre9eyeP5Yy0MKB6moVdFszej3d1cmCO\/pR1xx55M+7gxHi7nmqP6qcfF+eAotnzNHQsGzP8PGIZ50gSnIK5qZnm4bMBUw0A6I5JlXR+AqFX+kPpUKBuzEa6I0KB0xDW9ZG2xiq0rINYwGl5k2COCRfQ624ut+Vbu4ZMnd6hill+4YMYEufzcJJoV\/bsCyoQG+gavahTDrXdmqQ92xIC5kG4445QnWUjtrdX0e1\/PAi78rsb9uu0TeobNnIgYxEKaZ9KBeggk864A4tnKRZkEdpAogy6THh3CJVOdhi7Ot14ijWanESZqMkyqEgW64qVXaMI92U3QSO61LBKN00EXlWB2IDAoTMSCelhirWuFL7q+V1Vald28uz9CxU42iOqlVbGOS3IRsJt0d+sVSIuRss4ZDSCukeacGjkepKNtV17UMZfFS1RaD+aGSY0C3cos9JUXtphMcOjeLUjn6gy2IppSqdNI3DILGXYem\/9siinAQdYZsHBSuPH3V8V5Vr5ciuYiUtG6RZ9DRN8iCG7abe89fd4xZFoeyNPOimhmxj9e6DMMujCe5t+bazvrVj+749lEWdrkTYXWUizaAWNL2nQpVLZtf2IMsMya8f65h2lCwKXAbyKEcFU6Dqu\/uy3bcdnRob5G6aDaMsQ5lV3pTticsFlA+UtW71fZk2WiBOqTyULjQ\/5K\/DzmUJFeXgWH2k7jl6X\/rvAD+Ko\/Vk4Vws0yy\/mlmtrg2Gg6pl+rAScWho8nxeIgZ66VQzuExXeT+LpoWQa+lZK6hIp6\/y1A1F9DRsGC0PkLZWknl9hpdfxqEXlgUA7vXsojJ9XR1KxSC2FCm4\/x6NoPPJ\/uvrQ8d2VfeYkpLEgN15WBl9ra9JTxZdCY4OJmfk8UrZAbSGx+AIavzQkH2jS01PcnfTFcjPiqJr\/z\/litv2ViKPZpf\/a4ejdvUx1BDd3K3+CBTnioBLHUoH1luMxymkslxC44ghsXg7YzuMz+GPcgJ\/WgH8aVPuweYLJF4i0QUUcNeIJ8h9itxSkpenS9gwkVI7jC9TEcmSBdZhkGfRBeObiwcPcP\/iwUNELx68jTIWDxHZXjxE5MbiISI3nSCDGBjJNIR9ynwVTdlHDaG3yhYJxPMgXoUodiXb5QsQY4igFSxCxluzYBHFl8DPBYYXN4KQXEyyaJkD1ELegyCLAtiyWoRZNOlF81VGAS1ubwbdzJAFw21TK4c05fpWbxlMYPhZ2+tAxdsu3qSUEL7aKS68GwT0smBSXRSlBLgO++VumDugT2hXdkNTFnIcLLd48JX88BmXgOLoPs1xLURXEPbUrionpQ28uMjUzYZ8p\/R7Uy3oudR6i352tWtAaHKsoQeMlyFSOnF6wjg\/ucxDwVqcWhJTWjBSniKcYNQgRtMgDyTvFvRHKUy5LYXdZbxMMSVFb+eYjK3zSEQnEF7O2ifVPHabbQjISsEGfBNUSsQszRZsj21F8tRP2bZc+KeQSUkQxYDZidbHjPtsN0vzoEjkWwIJsLgtr3XQkSlbk9MAgxZmArOsgmQ3MTTBtqAEcW2fhxm0wdAPUNEveCuWrdHDTqeB2jBWxFECbpnxjXl8uTwV7JRvTqvZQbDP+Fan4GJKu6oFKPIn0TTHUlSQdowOwcUgjOanOdZWH+XBnkm6WATJVBSu5Q0ZpKRsDa0ZRF7qBVsbw4uiZNAEBOtxXjMr1CvIGa1zCVhh\/iTNzspTEnB7EIO8aWHsf3EINiwnAEMUjgUv2Eece5eLkzQupAsJwLHQCmhdyhCwX4H6xwjL6PUC2cF2WCV1GCyXWJuKUvQSPAmM8iBioJkU54azEPrOBPy7MYvicD+k1lGfq8CB2E4HmLDQPlDRhnTBMt4us3uDBlCmbMrUfbaZurOZCHNwRSsLptFKoKfrHN5o5vAm1RVcTLk8ANywms2gnYJiUXWjv8Wg9VaV9zE8LaqLlynb8vy3GQ\/wzaeAEdVRrWS18MIJJdgGaxeKQSMWhC3yYHO+yjGrCdoqDdmmeClPGq++bbRzLc8UfPR1T4MEa\/1rXnZz\/PrBHBh+uZRvyk1ozrgg5LvLxh1gslYDJIZfSbN2WRu\/hHqvaCAb+CXUr2tjN4slEd6Hy\/AsnAJ+i1aE\/k3dVraLJRE+aEZlpwKI+NsJXuuw2JULQn4oKN9v4ZdQv2s2otsVQMSPppBV4FFwNLQbfqcBEoMayOlIGsnZ3RoicucEBoV5BgpM9QSrCo27dw1JzN1FIM6Afh+\/hNLCsoXjACTsBG5Ozp65jiV2HXcawl7lsiVx9uwagph69fF25dhvXEMScx96TRJmblkTzzVhYhk0mtM3yzWRDMiQYJ4Fy1NMkgSz+PkrKGLcq7Dlhb3DvnUVR6z7Ig8yIwElvKL3v7COITZzEUGUzAg+wPLtGiLyUMgHz2HZkF9swsRi5XCl+HB3nJE+32nCxGKfVi+Zxi37InvpJjxtcUTjhfcS+24DJIZHonrVvcxergAiuqJ+p73CvldDRPbyG55Yr7FXbkDTBj+\/9qp6nX3\/GpKYR3n52H6OvVquiXSQr7+qn2c\/WMcQ2+HJ1efjq+y1qzhiPTovzl5z7A+vY4n9GC6HWM4lgp3w12uIyI\/JUxXDj5owsfy+cUFb7I0aIvLHs3KEddiPyzWR\/pCXs8eUvVmuifRJKC8cwc75T4olEcbQe6cw0sjHJObXm+ynV1DE+Gm4ftlc8J+tY4gtyNdfau+wt9YxxHYSV5eQYE\/5zxsgMUzO6+EhZg9qiMjTesx4WCyJENb9o1vcRG9fQRHjDEPTD9NFmGeX7HP+iyZMLHMKToPpnXUMsZ2K6qn3PosqgIifSbhuJmdNmFhiiXKC6ZRYFk2YWJJymICxJC3XRFqKeg5asj\/WEJGzWQb5MYTuq0WibPziGpKY84xClPagWXG2aoDEcE4h71QObQh9Iq69YT9gF6L5Qv2QXYobZ6qcPY0EIZ3VSRwBF93Lf2ryNyapz6fwJjovCdL4L\/ifm8wHNI3Bjf\/FrPEcgvEjTcxoHuRoHZzwlzVqgsm6CuImx5e8wQIGT7IQ20OQXTa5\/trkGkAaQO1M1gV91WSxMwgvtDnO\/tZEezHc7OH0cZilQPp7k7T+CHXZP24glonms3\/etLV8Qx6wfzXJ8pF4xP7dxFUPu8fsa34QhU8w8DBiToLkPBB4TtjBDIChHybm6CKMnSw8Bz5QW5GwFiaieITJH8FwM\/0O9gbMgbUYE355KJ8aDbQXxjRndtILOKM1EmFWToq7az9dwHibAKvMQqUY81rlHNqWk\/DINXH2Oy\/t+BJGvoVU6isY8kR5FLwrttMTOOgcnbjFd6Zg0iS0SOZu8d86TLkn50t44jb1UCDT6ZWUVEMtvj7aq0pzARHlMMPDGewTvimgSIK4kL4V0P+ytNm2KH5vKig7ovkz1rtsV9zwe9R77NYyEDn2xA12Wy7t8ilxR4K96tlylw52gss4DaaAuPcfjAsAAIVYeXRV5RGf93ITloAg+iQiSwCL+hBrNSCVd793XfBYBUXt18XThagcbapEWbTSU7myhX0RUsQDnNBiwHspQoEeC+RxKaUIUlH0KfTIJqsRSlQolgL2N\/N9tyT6Rz0nzrz5Zr7Z55tLIpGkAnIKEkRJchKFd1Y+OvKpIUNHUFGi+WgiakFtqR1RgoSPupKTLLyjfOiz5cMvcrRigP8EtEm0pUsT7egy\/tWLbnph+1tvxX9Meg6XXZvkyxK4rHXhwF+Ulo8qvX\/o48Mqny5\/9JdZXNuM7MXFVUTbxxM5RsNkovdFCcivtKZLrKbLKTWWqOYKak9XvojTDnQVdaROyc7UhUqhpBt1p29Rj0SCkr95+5FL4j++qID\/B68TdA1dC0Uzk9c9WPlI5YhKenDI4yOfLB9GlE58w0InNqswkRhPzc+OpYYXkxPoywUI5Fjyj1JRW+iKT4RINZRIgKci3YSUBKnNLU1IBSCdvqMJyQFJDf6GYMtRTUiFIDVMaEIqAmlF0ITUDKTyLU1IzUGac6gJqQVIK083IbVMVvnLWnzN1Cq6q6QJqRhcFT2akFqBVFTWhNQagmW3NSZRT7oe1XIDlREVXTILufIHKaI+2SR5+4AUqSSV9sxayj2NES5c76ZGSDQNzH5ZlgZfBh7\/M2WOou0WoZ5A5KhMxczx0WtuI4RVWDPIT8KkdMw2372IeM2YDUf\/Q\/g\/9NM0l012BNl\/Awz8rRu2ZEOXulRTlnXCYK2re98Cwgcu+X0BzwqERBvFSBh0VIahhxIJrb+tzBUwWK4ENDqADL4mywzkXW0koq6soyMIXbJyJXU2OgAdUQqEjTAMsIol2ExzBczGlbEfRJ84cGqbuAdLtqgwSGfC9Gal9YkM+Ztw8JgL8eUg9M9oPQeE0vVETwmEJbcIovPFgDX9iN6DAa1YYoYbBmPw42FX6x0Cia5QjiHcBz1zQRgFqROIz1Qc+F1VmJ6vdP6nIC6Gp9UCkeO\/NEK8P4MVSFixVYX1dSB8gL\/VYN+nHF0d4OAT2DofxH8i3pMEQuswQbT+gdKpetznQeKAggPXQWI3ODvjcIdAdhtVMNZlxBGE3lUSQtoLuB4H9Sz6sRumz0CsWOlqQiyvhw6Hgz0QpjXLhulnoKRFlrypAp2wIhRE5zfBzULUXx7XncNV6aPQehxXNcC8D0FEfUfr2Aou9PMcz88QsnlQeApcKVhwlnOWSVqEy3ZbXKQ+h3UahKIpgpA\/T0lV+7WAa3HgrwKyyw3r1wN+5Upk\/fZxiMdy9ywUBF7eKwiaC4qHCCTqznG5TFqYizEM9iI2N+J3zkUV3QHOBTD1J1a7MYceQ6V1AjrXhZ7jjREx\/0a3ETIRRx6i5R3jINzuNkK4Ib3D6iISneAjczMtQz2XdkXMA5gIRFdPQDd1RszvAyxBzK\/kg3ZI11Z0LLJDT+PS82wFAuMhEeT309V\/N4XurTCFrqtnm0LXI4SB6G4jEQZXwdtnUNOfu3IlbYTHJahFPdPV+QGIzVB0wjhwP4nDJWwqEG8jR5CRQxCf7urqBCzZAI423N8n3bCiIwqoA8R7wOa74GUvHKSHo7LKsjo1W2YJRa8LdML67YLo6iNKn8aUjM5hlrDEZHi4H1fAY2QqKyHwoINjEtZDKQcrOqRM0DbyRDbRQx15kI3YUCBh\/XGodmBkM9jzJbS1y0rd6hRf9DbUdTf2AKLSZxkCDRcGokFGQuteylxxFSB3aAfAzVxwQCRpQMIKX0k7URZ\/9ysedBAdhmjkXLkb48XkZgYnbYclHDXd6cE8KsZVNQ6GZ1\/8gP3p55VxqBbKrGd0jN+kTvGUL5UmdHT+e6AUoGRG2\/5dFPfvPyzhDBi+AA4Y\/ZHb5oytYn9rY2QVWw3E\/xv6\/a+I3\/tsIGT38sEqjA1YHL0KArrAmy0Q7owTJEwPlfon\/4eA+9kuDC1vFw7wHkQoUL8bYMSx6xY30VT3ImKcMt7RqzznPZcnosNIGPAIqEKX8gzKu5wMxP5S3FqAYPU3jkZjjOcU\/d4Q\/Dp4UYB8vgPGBo7kzjh65xohNCjjGOSxOp36HCW+v468PZApyaGX3kQ4vBxFy8CgAScJhMSTgmh9FzI9IIfNFL8zkNBn0GA9cZCDB5fnpNPpZB38PAPEr0Mldgfrx3Vh8BCUtMiRP0EgfF1gCctx57\/riNaBcQskgi0waw4IqF3qYGFDv6RBfsRTch04emfI+50dBmPsq8fhkVcP4aJfZUz8xvOUrgLyqSuRpn4qjjgvDq0VJ9YRxMdMxRySJvBv4nHP2u6FgSH4kXaa5PISwxC9HQiidSQD1th3uTKG+pu5MDbA0H2Knz9TStNtKfmVgmg9AJwHIXYz\/nbyVGftfF9rSNWq2DxajIbggqTD\/MwuRK0dwd9cJP8I95hApKNckDDdF4ncbQqR\/k8hUmlcH0iqd5Ktziq9htuswnbVLFts3ivmmUwtggquQjaoOUStZXSMv2z6uFw4jiDeYvj4c1en+D2bh9\/v8sEmzIoj8n5S9C9YiRIpTWAG5TG79xdhNAy3RW0Va\/0nqxh9OhhVHmFT8E4gXNvwvEfv4QpI5VcKJL+KHQYiaZWThzB8IeZfjWv4RTnNb\/AXSOsiZO8wTLwN6UXD0JsZm7T8rVoHdqd6Kd6pHhYkTHex1XXQVJfWE211wWP6rhKIOk\/GseCnv6UtM0b8AdBQgj+si7xLUgOX6CAQlsCekcqsNi8JhMRrgoTp9TB4iWv2CRSmzmMh4TES7UU6HhBoIs+EiiXg\/hBwg5KZF3Hk0TjysOWXgnhCSYABHVEqhEGQwKPDOzomiMMvpk6hHmG2TtWq2A\/6Cht6VGBjHPFk6gOGC9B5FFn+1JgeVmAoBsMyYX3OhBKFa17t\/K9tKO+G070ypj4fdG2hDsrZQo0RU58dbKFSF5lxSMiddug9b+qFFtpC9XOChOldWOWZAQZFsm5eMIupWLxaIPkT+aEwvvDjuluZYcwIIVDRThOCaLONYvQGgnQQqmttV8+Mu\/oJQ\/AVQrzPtt8W235+Me+TONGrXeHkJEczbaT4Ltls3wCsdXl8EB3nNQbaNYYCrAmDgSo2jxrQav4MWyJUY0qkYrlZtqK1ipcWR6e2ADmKfZJfpVZKXmR8NCGG\/xEEFp0V03T+FDg\/ciVUtBiK0wdk2uJfAWDAefvN8XQGB6u4P9bq\/CKTVLGCk6q1SWrAq8MT6A9ePl\/g\/sBzFhzAj76oYq73vjBxHFvR135jANH5Wnj4MyQ7Z3b6SObhers+nJKdHh9RcIJnhb4dCShCFp+yQ2qGnRXVf7BPJN723tjlI+wGWDwQYnxmpI7wYwOPeVRzCFbyU7lDEEeiRHDT4xcIXxYe2sX\/CAcVryNAvBLUmDZhZdw3MseZQPeaAUjfURwwmNcePbnJ9EsUWDiZSwEIjTGDIAz6K+EMUlb0GGf8HhAWYxBU2pIwWabRmK34BMPWnuRFn0jFiMzzaW4jxMvaoxiJ5rLu70N8DSM520o8fk1z4VHzF\/BRIvv1L3ijlDZjU5FHcSCXzc0wcoQy35mTzXebX82O8\/69CG79GEqRChpuv5j48fD3cF8t5Y9Y6EVQ9QWB5DXn5wUIXYp1OEC026Mxeb3ryLl+Wb6viabY7+3hAlE2DwgSBr0h2S0re4nfiSVQ63QlCElM\/nYCaXAxx+IKlxFEuQT\/TlCCt2YIKo0XYn7Ar+c7C2EWVnndx6zyrMz8O8E8Q0CpkIdVnisl6slXcYfgCnhHUXsDScbQHttX76DyMIpojY1FNE9qCcU6zeyXeLPCYLRAjm8yDjS\/HDcAu5XfAUaedc2uMAcww\/OJ26u\/kj6hh3jcAA4RCIufE0TrMZahykiEwRR7xXR75XSrQ5BzGcPwcsZItMWjKFek15orV6wzOlasc4zSFeuMEcyQMRLGTFwhZp\/LxH4Q\/Rc=(\/figma)-->Mi az Ongropack?<\/h2>\n<p><!--(figma)ZmlnLWtpd2kBAAAA+QsAAI0Ze5\/jVPXetPPcJ4iIiIiIiKi4i4iIiKRN2mYmTbJJOo8VKZk27YRJk5qbzs6siIhPvrXn3JNXZ0Z\/7h+Tex733PO+53a1YShEMA\/9y2XI2K0927DGnq+6PoN\/lq3p4+5Atfq6ByAfebrbgBXJrVsarFue0bdUE1Ztzz82dVhsyMXY01HWZi157O0bztjVTVvFnVuW7Ru947E3sEemNh45fVfVcP92sRxrtoXwTgm7es\/VvQGgdtWLSIAiR6jtMaqoTiZgEKBcXdXGtmUilkng0DV8lMOtdBo6p4EAg5UukHxdI6ahfSCX\/DBKplEyd1cx8li29Vh3beSxNa2UQB57xiLlmGZ3R0PdQlt5V7UOVOmhvmuPHHRPz1WHyNfu2Lapq9bYdnRX9Q3bQk8d6F3fdtFN6CF0imlIsdu6aRqOJ813gQlcL3276+r9kam6Y8c2j\/tSyC04ytJ0bdzku+3rR6jSHc80uoi46x0POzbG6Z5hwWGWxN7vxGEyHYJVjH3DUT1v7A9AXH9AWeAOZWS5prr7Op6lDEembzjSuS1UFTTpjFwktbu2aVfQhmn0B77cs+mBr+Vqq9ih2VpfGklbSnAHouCaKsre9eyeP5Yy0MKB6moVdFszej3d1cmCO\/pR1xx55M+7gxHi7nmqP6qcfF+eAotnzNHQsGzP8PGIZ50gSnIK5qZnm4bMBUw0A6I5JlXR+AqFX+kPpUKBuzEa6I0KB0xDW9ZG2xiq0rINYwGl5k2COCRfQ624ut+Vbu4ZMnd6hill+4YMYEufzcJJoV\/bsCyoQG+gavahTDrXdmqQ92xIC5kG4445QnWUjtrdX0e1\/PAi78rsb9uu0TeobNnIgYxEKaZ9KBeggk864A4tnKRZkEdpAogy6THh3CJVOdhi7Ot14ijWanESZqMkyqEgW64qVXaMI92U3QSO61LBKN00EXlWB2IDAoTMSCelhirWuFL7q+V1Vald28uz9CxU42iOqlVbGOS3IRsJt0d+sVSIuRss4ZDSCukeacGjkepKNtV17UMZfFS1RaD+aGSY0C3cos9JUXtphMcOjeLUjn6gy2IppSqdNI3DILGXYem\/9siinAQdYZsHBSuPH3V8V5Vr5ciuYiUtG6RZ9DRN8iCG7abe89fd4xZFoeyNPOimhmxj9e6DMMujCe5t+bazvrVj+749lEWdrkTYXWUizaAWNL2nQpVLZtf2IMsMya8f65h2lCwKXAbyKEcFU6Dqu\/uy3bcdnRob5G6aDaMsQ5lV3pTticsFlA+UtW71fZk2WiBOqTyULjQ\/5K\/DzmUJFeXgWH2k7jl6X\/rvAD+Ko\/Vk4Vws0yy\/mlmtrg2Gg6pl+rAScWho8nxeIgZ66VQzuExXeT+LpoWQa+lZK6hIp6\/y1A1F9DRsGC0PkLZWknl9hpdfxqEXlgUA7vXsojJ9XR1KxSC2FCm4\/x6NoPPJ\/uvrQ8d2VfeYkpLEgN15WBl9ra9JTxZdCY4OJmfk8UrZAbSGx+AIavzQkH2jS01PcnfTFcjPiqJr\/z\/litv2ViKPZpf\/a4ejdvUx1BDd3K3+CBTnioBLHUoH1luMxymkslxC44ghsXg7YzuMz+GPcgJ\/WgH8aVPuweYLJF4i0QUUcNeIJ8h9itxSkpenS9gwkVI7jC9TEcmSBdZhkGfRBeObiwcPcP\/iwUNELx68jTIWDxHZXjxE5MbiISI3nSCDGBjJNIR9ynwVTdlHDaG3yhYJxPMgXoUodiXb5QsQY4igFSxCxluzYBHFl8DPBYYXN4KQXEyyaJkD1ELegyCLAtiyWoRZNOlF81VGAS1ubwbdzJAFw21TK4c05fpWbxlMYPhZ2+tAxdsu3qSUEL7aKS68GwT0smBSXRSlBLgO++VumDugT2hXdkNTFnIcLLd48JX88BmXgOLoPs1xLURXEPbUrionpQ28uMjUzYZ8p\/R7Uy3oudR6i352tWtAaHKsoQeMlyFSOnF6wjg\/ucxDwVqcWhJTWjBSniKcYNQgRtMgDyTvFvRHKUy5LYXdZbxMMSVFb+eYjK3zSEQnEF7O2ifVPHabbQjISsEGfBNUSsQszRZsj21F8tRP2bZc+KeQSUkQxYDZidbHjPtsN0vzoEjkWwIJsLgtr3XQkSlbk9MAgxZmArOsgmQ3MTTBtqAEcW2fhxm0wdAPUNEveCuWrdHDTqeB2jBWxFECbpnxjXl8uTwV7JRvTqvZQbDP+Fan4GJKu6oFKPIn0TTHUlSQdowOwcUgjOanOdZWH+XBnkm6WATJVBSu5Q0ZpKRsDa0ZRF7qBVsbw4uiZNAEBOtxXjMr1CvIGa1zCVhh\/iTNzspTEnB7EIO8aWHsf3EINiwnAEMUjgUv2Eece5eLkzQupAsJwLHQCmhdyhCwX4H6xwjL6PUC2cF2WCV1GCyXWJuKUvQSPAmM8iBioJkU54azEPrOBPy7MYvicD+k1lGfq8CB2E4HmLDQPlDRhnTBMt4us3uDBlCmbMrUfbaZurOZCHNwRSsLptFKoKfrHN5o5vAm1RVcTLk8ANywms2gnYJiUXWjv8Wg9VaV9zE8LaqLlynb8vy3GQ\/wzaeAEdVRrWS18MIJJdgGaxeKQSMWhC3yYHO+yjGrCdoqDdmmeClPGq++bbRzLc8UfPR1T4MEa\/1rXnZz\/PrBHBh+uZRvyk1ozrgg5LvLxh1gslYDJIZfSbN2WRu\/hHqvaCAb+CXUr2tjN4slEd6Hy\/AsnAJ+i1aE\/k3dVraLJRE+aEZlpwKI+NsJXuuw2JULQn4oKN9v4ZdQv2s2otsVQMSPppBV4FFwNLQbfqcBEoMayOlIGsnZ3RoicucEBoV5BgpM9QSrCo27dw1JzN1FIM6Afh+\/hNLCsoXjACTsBG5Ozp65jiV2HXcawl7lsiVx9uwagph69fF25dhvXEMScx96TRJmblkTzzVhYhk0mtM3yzWRDMiQYJ4Fy1NMkgSz+PkrKGLcq7Dlhb3DvnUVR6z7Ig8yIwElvKL3v7COITZzEUGUzAg+wPLtGiLyUMgHz2HZkF9swsRi5XCl+HB3nJE+32nCxGKfVi+Zxi37InvpJjxtcUTjhfcS+24DJIZHonrVvcxergAiuqJ+p73CvldDRPbyG55Yr7FXbkDTBj+\/9qp6nX3\/GpKYR3n52H6OvVquiXSQr7+qn2c\/WMcQ2+HJ1efjq+y1qzhiPTovzl5z7A+vY4n9GC6HWM4lgp3w12uIyI\/JUxXDj5owsfy+cUFb7I0aIvLHs3KEddiPyzWR\/pCXs8eUvVmuifRJKC8cwc75T4olEcbQe6cw0sjHJObXm+ynV1DE+Gm4ftlc8J+tY4gtyNdfau+wt9YxxHYSV5eQYE\/5zxsgMUzO6+EhZg9qiMjTesx4WCyJENb9o1vcRG9fQRHjDEPTD9NFmGeX7HP+iyZMLHMKToPpnXUMsZ2K6qn3PosqgIifSbhuJmdNmFhiiXKC6ZRYFk2YWJJymICxJC3XRFqKeg5asj\/WEJGzWQb5MYTuq0WibPziGpKY84xClPagWXG2aoDEcE4h71QObQh9Iq69YT9gF6L5Qv2QXYobZ6qcPY0EIZ3VSRwBF93Lf2ryNyapz6fwJjovCdL4L\/ifm8wHNI3Bjf\/FrPEcgvEjTcxoHuRoHZzwlzVqgsm6CuImx5e8wQIGT7IQ20OQXTa5\/trkGkAaQO1M1gV91WSxMwgvtDnO\/tZEezHc7OH0cZilQPp7k7T+CHXZP24glonms3\/etLV8Qx6wfzXJ8pF4xP7dxFUPu8fsa34QhU8w8DBiToLkPBB4TtjBDIChHybm6CKMnSw8Bz5QW5GwFiaieITJH8FwM\/0O9gbMgbUYE355KJ8aDbQXxjRndtILOKM1EmFWToq7az9dwHibAKvMQqUY81rlHNqWk\/DINXH2Oy\/t+BJGvoVU6isY8kR5FLwrttMTOOgcnbjFd6Zg0iS0SOZu8d86TLkn50t44jb1UCDT6ZWUVEMtvj7aq0pzARHlMMPDGewTvimgSIK4kL4V0P+ytNm2KH5vKig7ovkz1rtsV9zwe9R77NYyEDn2xA12Wy7t8ilxR4K96tlylw52gss4DaaAuPcfRBgAAO1aeZhU1ZU\/VV20bMrasimWgluJaBCRkXqvyj1BIYg+k+EzSXegIzQtIItbEnkidAOCgNJuQdMgGqnCJXEJAbp9GRBwSVxiJbiwqEGw1YTE3WCc3+\/c++h+Vd98mfnmr8mE73vcU+du55579tuxWFzKJFEWE4lLItbu3KnjZ11ZPWWmlMfazxaRDtJVuovERMfJ0ZKItzunasrVVTNaR3Rmg3\/adIl1lW6x7tKDv06WITc8\/9xz4UfUNVjMHc3FYljs0Hbfqk5WTa9OTqiuqp005YrkNZNmTkxOq62aMXPS+OSVVVNm\/aBq\/MxZ09E1KDlt+tTx1TNmcFjVlAnJmdOrJlQnTxg16erq2uQPpl5RW1U7eer1kyYnq5JTp1wxfeq0qvGTM8lRk\/B7\/KY1tTVVg5KTN22snVA9c9OaGdXJyVXTp0+qnp6ccX31ldOmTpn5\/U2P1WZOxKkOEXuuTvUiz88TSZgDLhR5Rc8I9LuHymH2oD2l4iYgD5de0udGAH2lnxwhR8b7y1GSxBmPkQFyrBwXi0n8R29c0Dv8uFAZ\/wPTY3K8nICNlsZPHDv1+1NnTpWx1VfMqq2aLpKK\/S8Z1PEfMajj\/5RDiZAt7cpivog3R+T1eL2s3QI5AicGSWyeNL4wV4LO8Tqp3FZG3MGO3meiYxWGfzS4bO7BjvKFZE+4mFkHchKL3yS7O0RQcaAal0VQZUAlX4qgEvG5curgorXmyphvF62FUSsiqHZA7d9QNBFUx4t2nCftB0ZQ5UBtPz+COgSoiZdFUO2B+qw6guoA1NcXFNE1T4Y\/FEF1JBFNJcsP\/yCC6gTUtgMRFO\/gjfZFy9fJj\/pGUIcCVXtM0YHqZMLQomPXyaB0BHUYUMtHFRFRJz2\/W0RqnSyaGEF1AerSaSV09bwxguoKVGJBCRE97y\/iKg70ZATVDaiB2yKo7kA9\/2rJWu\/\/sZSuT4oOVC8Ly4qWr5ct7YtErl7u7lZ07Hop71VEar209C0SgHppHhBB9QBq\/aAi5tTLzlOKLq1efn9aCREvR2+oJ1CHn110xnoZdmGRkNfL7ZcUXW29dL+8BDV2QskZb60tOePV00rOOPK6kgOdP6foOurFrStZ66+3FKkoeH9HyVq\/bSy5tC2rS5gTz5Xs2P+RkuVf\/mUJc14LIqiKeGjjDqIOB8rfE0FR7h89LILqBdS1h0dQMaCCYyMoKt+6YREUtcN3IyhK9LTzI6ieQC29OILqANSL40uW3zYrgqIqLP1xyajPbomgepPU20t2\/OyBCKoPUetKOLF9W8lajS+WnHH77hK6tu0rGXXqF0VE1EvXWARFyTm1YxEn6iXRI4KiTMgRJWude3QERU2bkCqiq14qT4ugqFY900VnrJeZ50ZQfYFaelHRgeoleWmJMBlXGbH3n10VQdFRzL8xgqJrmrisZNTwxyOoLlx+cwTVD6g790RQFIDNZRHUEbTknYp2rJOhPSKoHkCtGFhERJ38MRVBUQBeGRJBHQlU53NKiHj80giqHe395REUdWjRlAiKfmju7KIz1smBBREUHdhHd5esNTNfQn3txhLqL99cwonlr0RQCe64pwT1yv6iq62TtX8rIgIuIFY0EWa7YxFd9bKqS9GB4Iei19GH9qtfyfK5ARFUV6COGxRBUe4HR6WQ2pGK3hA1beRFRbyHXfUiqP5AjRsXQR0F1GXji24bvqM2gqLCjJsWQSXpRa9pi5KTEEWeLINlqEj50U8gmvSvcsWvduPizwbQDoAsdEUuJ\/AygGEZdH1hgcpkxnRVHgsgASB7IoAfcPp5GTOm8TsW8L+W4Y7A9LNA9n1XGhPsegd7dQcQ7LYYuc01Y\/zRFpCP0mYd+dKxCxpS5TVkYVmOT25M5FPfUUD8o9FWYspejL7WSYjc7ORzb+DHmY5XGOyy5RnjCmTnuwntqbjPzee+j1EbMOJutC+6Cc\/b5ORTe9BxAEt8jI4BrgSSwYyvAyjHaaah7ZARf7G2iXzuUYOQ513v4zJ07MLv\/dzjQ9dreBU\/Drj5mnXaSnYxqCAgM0lOJwWwa2fs6LpeoR+O2QPfv6FjD07ifwsd94H6HwNxkyNBg7YJr+IBBfItj7metxSnegq\/8+hoeBYznsaMV4B4F6fageU68ro+B6KJI97CiC1pryEw7LP8RALLM\/kfuDjTLAU87zIMxYWJg+9VdoAd\/nP40RMtziSH4WukDPy2DeDfh6Gp37hkrVfY4irsk82vsQMMk73oaNRNwl1BbQIp9rMqA2DJVmydSudTT4OMD9Lib0LHBF7uw0Ccl\/a85YZsudKKQ+4MBbwCudo4QuR3OH1nzliCu5yDH+Mcz3tBWySjvCEiRmOfO4C4HrM+AN8WoQMSlU+tAImUsNWuYftqXt1\/tAGyv8JQAPmaZ9x8SxMQv8f3OIbvwp025NDxLmhdAeSfcMQF2mLX6QqQuV5FC9bLYsabZO6JmAGB8fuj8wVteey43jyAhALyEqbcjnYn2o3oaOHUtyC2n2JaJ8icQBgHYY8ExXYUSDskk09dZaQ0u8iKbU1eAa+wCcdsB7EtYLkDvJ692PV9LLUf5P0ByL9g4AZSAQAKmSCQz92FDT\/CqArH2AhJW2OhCmxukSJFti7GpOBmBcS\/C+0KtBTg9RTxxwBshyRvRPuVo5z1e4Usvokida8COOWFCoj0wMbV2lJBEwYoB1VH4NsJ3pyK382Qde8cjLwHpF5udzfkyGqYv+B+Khmv8F7c9jv47sBJKe1LtMXsKgXyqeHgES\/mGHQGpOiY8KCLnFYgewhNVtI1AK1S9s9YpZBxvSfKwOkaewXLzBVI9m5zBRUrsQU6lKD2NI2GMvkqDoVwHYpOQgGhttdBaKncBUeV1St0g9hgfe88a5nm2CtOrbIbQgu9BNanRn5IzhLIktgDbQG1wS9ZIAsBlIm8uI3g6UhY1\/usvs0x+qb7AcinumPA9WklSOrI9Dro2\/sOKfY8WjJSXkcJMmeBWEhnMGcuTwXLl7oQC\/RGC+snQyhxXITIPBaYAsQCR60EWhw3ZxDZAAOaHD0MbKY91RaISQtsIaxwPoeR9Dtyi7aQnykKcG3x37abvcyO3kDQHHaG+jzghuTJYAhwKrzqFU4bgEzTroMA\/vnx\/2q8kYiU2woY9aAsJk+ingLYPThDzc53HIL2QUcah9K9rHe8088A4vfgwXC0X2iLGV1cApR5M+A4V2d43imuWWKoa5ZEa\/YAUHl8hgMkO9DMCI7mHkcAcVRGl5T+Zg+0Cd0UAIkwA0AVZ6gB0iVANpYMzyH7GFYcGR4zqZYEV\/YNYKgBs61ArgyN0GsW8SkGfAgYbfAL3uWnoTw+0xZ4jEoJwN8ChdwMy0Y9gN3I7mQHlKMBxovaw2unX+O1600CyKd4\/ftcOlXJ7iZdsLzZ7egAQ1SMoNbBP9Bvezq5n84qG+pmFhJPO1YPU1Mwuim09X43rFoG82t1M7C6KcF9VlmbcApEDQg+xN9PN\/1yyL0DbQAZk04YYEKTV\/FXiPDuJsnStfduhqvZBnZkmyVYiwEe2gXaYkatAp53PrThomYUp\/E7jRnep9Csk9DRjBP0RAc94J+bcM5PAfhNMB7w9PJWUz53CTbp0Cx+nbY46z0W8TDW\/LzJhE9bMSO3FWQtB4KhQF\/b7h8RN8C3aeppiE5PS3aVjTzmhJHcedZ1g11yrTUl8+hq6gG85yinZYQbcpyac2hoQQD4VOg++Bg\/WQtCJC2I+NaCBNaC5FuMBfG8QL2Eoa+nawj1n6ZgPAVCd7n04UaUrAURf6q1IBdZC3JaaEH6WAtyqLUghjyZjXiVweFXDq52QMbcaOWZFpAeYXgsFgiaMfc3FMEfh4I\/JJTFtWk76+3Q19CrtSfhD1lZOSg9dlNZRJN0DoadQEk6J+xd3gYIWlzTdRCAK00QyOd2Oxr4SoD2YrQ53sk4dCwH+yYBsRAds7UF1+YqkE8tos0F4xs0UokbQIO6BWBdYYPID60vmRDGbmfaUJ4uIDlC\/HK0b0DmeVYZyzvC96hty\/WuHEOwLB3RChi2\/NZpBQ4eHIAxT1TyD1yVD28WdLPG\/z9tlYwHOsZtBXA6DR0C2BVVkYAWaBjCub\/j5pAkZd8zWUS+BtvkpqfzLc2G\/YiEjG8v\/ND69q\/jwk5Om\/XHOnajMc126xAwdqqvFSo5Sm0ZbvVca9yusynSvdb6+c0K5FPb4bM4AAQFGhv\/3UTRSvHj2oo\/n6w3Z4HiZ191jdElIA9izMs4GVQveBrfSzzuOgREb2PrByzLl4baO9EgfKZau2w8t9Vy1u\/E4Bc93uOOjtR8a6nlVIvJt0zS84BDMyHyPjpy2N2D8oOafG6UG5InT+HJigbB78KNCZygcbRXgBnL\/gK\/v8FQ5UFz8f6d+MZjyRvRXkmxodm9BkKA9DUgsjva+ez4E6haojmeV3GnJn0SrCTrljka1MtcxNJPaivZzewAAiLteWugmsyzPnLoSkD6UeBRO3j3b9rrmRemtKFzQuj3LHMDxILB3zTNwIz3jNzm\/mCjq6d4PU0KJAjkc89hs3UQe1yk\/5BNhwqrMHUfOhpstjfP5JqeN9EiRoM377pq5v23SPcJOP7rJh1qeMmkQ7jjhEGsx1LHYwA4KYgx\/bUkbySWwEX5NRAAaDOTnewKdNTcBxG5A6OfBBG4Un+zSycJqnB7DXMwegdmzsDoP6LzexSu94xXgVSqkdeWOWPAzO058H4P2h86lDgYJOoSdWjpCM+735qyutC2VRnn5o1gugTj19f4c8\/7C6KGt9LMyvO58x3jhO9m7Dse1vUlx8TL5SaA9o+jiUNcCgBr0ukdQj8Ldu\/AyK8B\/hWn0lo3AHGFldc6I8AidxqEUJCXoYNZ+EOgO7UBSzzjUEbzuT87odDKfpRa\/CXh7EZTbqh52FUyg\/W8b9YhtjKZh8TRUDFqZt6aIql\/UwDrf6G65RU+okl3VNdlNTd+U8MCPBmDL1\/aDH9aGh3McgrrvcJKy8klYcbhGauUIwcngnFM9W7gqRF35d7Ej+EQcUS5aCWYSyqG24weAEUjn\/sutKLZZNCBOm6k0Nm9qhXMoBHu4hAxhtFnQ1bKYYautN5gidEOr+EhG8vB3J8O7QjgLrKfUZkhGhXvMCpyTT2ELPi5a3IpAAnlkuCYWYZKEBxkZuK\/QQF9BAyil7A1EW7mf2ADDtWOC01KqBf9CtWmF8R5k9Z2JMjZdiFtGQDkaAkC+dx5ro7MVdip+xxVk3xuNURsqpWRJbblnzgcDN5DI566QI14PvcjayUaLR8KT5v0tYGWNA4Gkcx91J1PAHyMahiCGv8rJB\/tM7TfCansAgDFiJZeGcPBozPW42YMwh+NbJhy8k0s9wTv75s2Ltp9RhvA\/wV2AUAS8rnTMRYeN4uaY7CDOj0IPn0vdBqFSjVQ\/TIm\/avprkB+ZCfsAmY38vLI\/ZavYAVoxz9XBy4+5ABlibgCxtE+0wbI\/pwC9QzmwH0FT1gns8Q4Ga9QZUPE4RpDihyjQWVcAbPGzU4rYDymTSpeiNkK2GXUObix3BDU6e6xajArdM4jbLTchXoywsRISc74GS71NqjCfHyfADnfYekursDBlKw1N8tQSgDI61COs2xaPcfm2Q33myi5osnm2dvCPHtb6Oc\/bQOYAz3XtgB0mQk\/tSyryL1hyLY\/3QqYFfY6rUCyghkmgEYEzFKGO2EWy8BmGDvOYq0Ud4\/cpvFs3OCt2uJ67zEIxAT5lrNUSsTX4gYrtCezIEJvOxhTf2oz4zu0xZrzFfAK12LtQRkTKJzAGd\/GWqRiDDqO1Fb8Cq45xp49WNkGMIca0wY4eHD+uy7GAolIN4ZNtF+vNUGRz2B1EonWtWhXbaRBQzaIapoCryPmUodxEOjJi+6Lm\/dG5HMo\/eT+upF\/L6RZm+e9CQnYhNxrHVomZ2Y72UfVHuao01MguxorfA+3y6rbXfjNwElQ\/K55R6t8EkCJfeSASdrCArzK7nJUDmbYwMCWsDzvSVvCggJWIkTDuWkHEvlnofvB77AEZhV+rq349VSpchuUas8ltmY+EMt8SavBgtOHONRK0E8PexbMEt8itqVtVlY40\/NyNnu4NfSw42y0epRNH9826aPnzbfpI07MKIGtr5UowwsWKDvaPJKAfxF26I0PBRFWS2Q\/mT0GCGrWLOtBb7VO0V9jnGKKFbKfOUboWbsqIDRinSDYCRt9sbaG80TU\/Exjp3wNq1TP2JCVxXHEHl7hQVsTXxZGR7MsAgJYw+AEVCHJw4zeJuoF2foYYM8hddS4eTjdbbzQebjQX+kNew2oFsivoV3CCO9dx5vVLaOV1NNhhRl0VZ5CTRjv5hc6uKI6tBfgDn+CjlHMFGEOki6mtixCUDgUd3cVRhyHuxuLET0Y1J+GtWjyafBQBKEHQbRh8gEE0gkCXoGGZxhYcK6jLzoyDKWDFh8sfr5JAh67e7Nu5g+BlnB7mcwSxzyMGNvsFSqBOBHVh+Fod7Lq8DvcTMUIHtUrdHDDs8sypnpj7ONVdpdrskbWqAxmZFtAU\/AhbYCA7zT+0AxPBuAvVpGD50ONPonVZ3bhPuzgsGuN0wbQxytDhnwDFF3LsIC1gKdCQ\/ynEFgc5pSXhivNDa3jztB8m+msKgieJlDNjusLlbghoPMWO20AtYAD3FYguMM1m\/j0sEzFjP36pA0h\/j3simWKj202lQkmUEAkiM732wI66lSnDTCfp81rjgvM2U4bQCsQe9xWAJlrPFxZnkaFTYsfoxiFnAaRmemaR56F5tEEZQUb8K6EcPw7piMykxn2uYLVdX8Hw5EH+YKEXRBjeX\/XVrLtWX8HIN0yrBN7BYQkPi34EbRqd2phFP7ZFkpnaJvQGggAxBz06xmtp\/lHZvQBT6QPEHEYtO7aSmUnMvxwhwBLzCjw9oYJrYZ80qOw8DSIa7YDWdAnb5hrCrwzXFvgvcsgEDlKFqLIwDE4iUsxYMYSOJ0EvUwrmlbvsGH2i7AJiE3kCcuL4C4NLaFGi00FAqY4n5utLfkbDxlNg2geTBMGuNoxNa7laNPMtx0t\/GvYLJcwfUZbrS0ovkYBz5tjB9SbGfnczXaJW+ySt9g9FDiQNgPuTJsZXZkbcYnUerPkoxvMHo9uSJhNH91giOCAtJlhyMQSSvaBdHgOmZ\/415PxP+uTccy8zmaoaG+EwF0a8mPZKyxgx8iXrIUeG1o5AHJ9U0IB\/7hmfbHyx6EUHqTZgvCaEQRQIIO8fAsd8SbxL2boRuAQjngYMUdHjPhiA1JcjOidZsvMXgHGdnhcRQdl5uMmW8\/ehbjsVmjJOm1R82Hd\/VanlS6mAjGN\/8y7zQ1O\/lmGqwjrW\/iXFZA8X9+G1kLyzoA52mrfht6zb0MsDfBtKFVh3oZYOtG3ocLx5m3IH2QiYLa6BwG+DWGAmjwttvBtCEvo049WG\/qbPczb0FbHINbat6G7w7eh+fZt6Ab7NmTOIR8m\/smSGxwHdFTqFQFInmJK7owf\/PZgnzK8G47BG0AM1Ehj\/jVttbxOgPGhGTAunIEyoC6BHIRLstU9CDTyijDAH2hmwAklNMT0eUUs7\/c3e2R5RdwUgD6r6ID2ZoaSySVIduPxmfAcPNGa8LFwjZEQuG6VmOARI0L5mseNTGntAifKbrb+KvsbBZgL6IBgezhjh11il1mSre5BABLCASoxnEER0nSCMsUlKWPcQ4WOm\/JBEkToAFKlQqcRBk+0xjVCZ85hntATNuUA4BXgun3Wwd8BC1iKmkObuV1LTyxhmszip2FmcZ2VxnNp+NMmpr2eqVi\/\/2Ytfj9LAheonUe90DqCe8P06SmbPqF4vJDp03vmb0S8BlBYw4fEBM76mGuOwDq4PQtuKgjr4ARwXETCkKRfA4mSHHImrM7K3tuwmmtspTZ8epBJ9unBQZyw074w\/Dqsg\/chxS6mIlmQyfb1\/Tb7dpZbo0C+hfVXlJ6zW02W5DVwd+SnSs1oNyRPbk\/8K\/P8\/5F5xvRvetQH+ztD4CehM64NATNG1vGBitHoMlK32GWpxSvMx9cVI29Q2aAP5gtn2iuQPf\/epNclu+lIP4cXQB4o96Mdi7YvhZXOmSHgEDrnReAPnfIuMHAFph6m9Xnw6GQAj8ApIEJBzsrXIL4UxA2wnCck8EuQhGQj+IN9uvmYatEHUgOh8xCzz+pl\/iijcgCt5SonP\/IUeOLRSLTpiUFFVqMR0IX8OaGEjrwAIz6Dp0CCLQPD2hOekhuTkMhJKDV1zWjchqppgs89+dQOTS9NMGi4JfKf(\/figma)-->We are dealing with plastic manufacturing, processing and trade (Mivel foglalkozik a ongropack? Mi a c\u00e9lja, k\u00fcldet\u00e9se karrier szempontb\u00f3l?)<\/p>\n","protected":false},"excerpt":{"rendered":"<p>Mi az Ongropack? We are dealing with plastic manufacturing, processing and trade (Mivel foglalkozik a ongropack? Mi a c\u00e9lja, k\u00fcldet\u00e9se karrier szempontb\u00f3l?)<\/p>\n","protected":false},"author":1,"featured_media":0,"parent":0,"menu_order":0,"comment_status":"closed","ping_status":"closed","template":"template-jobs-list.php","meta":{"footnotes":""},"class_list":["post-187","page","type-page","status-publish","hentry"],"yoast_head":"<!-- This site is optimized with the Yoast SEO plugin v26.8 - https:\/\/yoast.com\/product\/yoast-seo-wordpress\/ -->\n<title>Tal\u00e1ld meg a sz\u00e1modra ide\u00e1lis \u00e1ll\u00e1st - Ongropack<\/title>\n<meta name=\"robots\" content=\"index, follow, max-snippet:-1, max-image-preview:large, max-video-preview:-1\" \/>\n<link rel=\"canonical\" href=\"https:\/\/www.ongropack.com\/hu\/allas\/\" \/>\n<meta property=\"og:locale\" content=\"hu_HU\" \/>\n<meta property=\"og:type\" content=\"article\" \/>\n<meta property=\"og:title\" content=\"Tal\u00e1ld meg a sz\u00e1modra ide\u00e1lis \u00e1ll\u00e1st - Ongropack\" \/>\n<meta property=\"og:description\" content=\"Mi az Ongropack? We are dealing with plastic manufacturing, processing and trade (Mivel foglalkozik a ongropack? Mi a c\u00e9lja, k\u00fcldet\u00e9se karrier szempontb\u00f3l?)\" \/>\n<meta property=\"og:url\" content=\"https:\/\/www.ongropack.com\/hu\/allas\/\" \/>\n<meta property=\"og:site_name\" content=\"Ongropack\" \/>\n<meta property=\"article:modified_time\" content=\"2017-06-13T15:09:42+00:00\" \/>\n<meta name=\"twitter:card\" content=\"summary_large_image\" \/>\n<script type=\"application\/ld+json\" class=\"yoast-schema-graph\">{\"@context\":\"https:\/\/schema.org\",\"@graph\":[{\"@type\":\"WebPage\",\"@id\":\"https:\/\/www.ongropack.com\/hu\/allas\/\",\"url\":\"https:\/\/www.ongropack.com\/hu\/allas\/\",\"name\":\"Tal\u00e1ld meg a sz\u00e1modra ide\u00e1lis \u00e1ll\u00e1st - Ongropack\",\"isPartOf\":{\"@id\":\"https:\/\/wordpress.blog.blog.ongropack.com\/#website\"},\"datePublished\":\"2017-06-13T13:17:52+00:00\",\"dateModified\":\"2017-06-13T15:09:42+00:00\",\"breadcrumb\":{\"@id\":\"https:\/\/www.ongropack.com\/hu\/allas\/#breadcrumb\"},\"inLanguage\":\"hu\",\"potentialAction\":[{\"@type\":\"ReadAction\",\"target\":[\"https:\/\/www.ongropack.com\/hu\/allas\/\"]}]},{\"@type\":\"BreadcrumbList\",\"@id\":\"https:\/\/www.ongropack.com\/hu\/allas\/#breadcrumb\",\"itemListElement\":[{\"@type\":\"ListItem\",\"position\":1,\"name\":\"Home\",\"item\":\"https:\/\/wordpress.blog.blog.ongropack.com\/hu\/\"},{\"@type\":\"ListItem\",\"position\":2,\"name\":\"Tal\u00e1ld meg a sz\u00e1modra ide\u00e1lis \u00e1ll\u00e1st\"}]},{\"@type\":\"WebSite\",\"@id\":\"https:\/\/wordpress.blog.blog.ongropack.com\/#website\",\"url\":\"https:\/\/wordpress.blog.blog.ongropack.com\/\",\"name\":\"Ongropack\",\"description\":\"\",\"potentialAction\":[{\"@type\":\"SearchAction\",\"target\":{\"@type\":\"EntryPoint\",\"urlTemplate\":\"https:\/\/wordpress.blog.blog.ongropack.com\/?s={search_term_string}\"},\"query-input\":{\"@type\":\"PropertyValueSpecification\",\"valueRequired\":true,\"valueName\":\"search_term_string\"}}],\"inLanguage\":\"hu\"}]}<\/script>\n<!-- \/ Yoast SEO plugin. -->","yoast_head_json":{"title":"Tal\u00e1ld meg a sz\u00e1modra ide\u00e1lis \u00e1ll\u00e1st - Ongropack","robots":{"index":"index","follow":"follow","max-snippet":"max-snippet:-1","max-image-preview":"max-image-preview:large","max-video-preview":"max-video-preview:-1"},"canonical":"https:\/\/www.ongropack.com\/hu\/allas\/","og_locale":"hu_HU","og_type":"article","og_title":"Tal\u00e1ld meg a sz\u00e1modra ide\u00e1lis \u00e1ll\u00e1st - Ongropack","og_description":"Mi az Ongropack? We are dealing with plastic manufacturing, processing and trade (Mivel foglalkozik a ongropack? Mi a c\u00e9lja, k\u00fcldet\u00e9se karrier szempontb\u00f3l?)","og_url":"https:\/\/www.ongropack.com\/hu\/allas\/","og_site_name":"Ongropack","article_modified_time":"2017-06-13T15:09:42+00:00","twitter_card":"summary_large_image","schema":{"@context":"https:\/\/schema.org","@graph":[{"@type":"WebPage","@id":"https:\/\/www.ongropack.com\/hu\/allas\/","url":"https:\/\/www.ongropack.com\/hu\/allas\/","name":"Tal\u00e1ld meg a sz\u00e1modra ide\u00e1lis \u00e1ll\u00e1st - Ongropack","isPartOf":{"@id":"https:\/\/wordpress.blog.blog.ongropack.com\/#website"},"datePublished":"2017-06-13T13:17:52+00:00","dateModified":"2017-06-13T15:09:42+00:00","breadcrumb":{"@id":"https:\/\/www.ongropack.com\/hu\/allas\/#breadcrumb"},"inLanguage":"hu","potentialAction":[{"@type":"ReadAction","target":["https:\/\/www.ongropack.com\/hu\/allas\/"]}]},{"@type":"BreadcrumbList","@id":"https:\/\/www.ongropack.com\/hu\/allas\/#breadcrumb","itemListElement":[{"@type":"ListItem","position":1,"name":"Home","item":"https:\/\/wordpress.blog.blog.ongropack.com\/hu\/"},{"@type":"ListItem","position":2,"name":"Tal\u00e1ld meg a sz\u00e1modra ide\u00e1lis \u00e1ll\u00e1st"}]},{"@type":"WebSite","@id":"https:\/\/wordpress.blog.blog.ongropack.com\/#website","url":"https:\/\/wordpress.blog.blog.ongropack.com\/","name":"Ongropack","description":"","potentialAction":[{"@type":"SearchAction","target":{"@type":"EntryPoint","urlTemplate":"https:\/\/wordpress.blog.blog.ongropack.com\/?s={search_term_string}"},"query-input":{"@type":"PropertyValueSpecification","valueRequired":true,"valueName":"search_term_string"}}],"inLanguage":"hu"}]}},"_links":{"self":[{"href":"https:\/\/www.ongropack.com\/hu\/wp-json\/wp\/v2\/pages\/187","targetHints":{"allow":["GET"]}}],"collection":[{"href":"https:\/\/www.ongropack.com\/hu\/wp-json\/wp\/v2\/pages"}],"about":[{"href":"https:\/\/www.ongropack.com\/hu\/wp-json\/wp\/v2\/types\/page"}],"author":[{"embeddable":true,"href":"https:\/\/www.ongropack.com\/hu\/wp-json\/wp\/v2\/users\/1"}],"replies":[{"embeddable":true,"href":"https:\/\/www.ongropack.com\/hu\/wp-json\/wp\/v2\/comments?post=187"}],"version-history":[{"count":1,"href":"https:\/\/www.ongropack.com\/hu\/wp-json\/wp\/v2\/pages\/187\/revisions"}],"predecessor-version":[{"id":188,"href":"https:\/\/www.ongropack.com\/hu\/wp-json\/wp\/v2\/pages\/187\/revisions\/188"}],"wp:attachment":[{"href":"https:\/\/www.ongropack.com\/hu\/wp-json\/wp\/v2\/media?parent=187"}],"curies":[{"name":"wp","href":"https:\/\/api.w.org\/{rel}","templated":true}]}}