{"id":178,"date":"2017-05-19T12:47:23","date_gmt":"2017-05-19T12:47:23","guid":{"rendered":"http:\/\/www.ongropack.com\/?page_id=178\/"},"modified":"2017-06-13T13:12:36","modified_gmt":"2017-06-13T13:12:36","slug":"muanyag-termekeink-felhasznalhatok-a-mindennapi-eletben","status":"publish","type":"page","link":"https:\/\/www.ongropack.com\/hu\/","title":{"rendered":"M\u0171anyag term\u00e9keink felhaszn\u00e1lhat\u00f3k a mindennapi \u00e9letben"},"content":{"rendered":"<div>\n<h2>We are PVC product manufacturing and trading company<\/h2>\n<p>The ongropack you will love<\/p>\n<p><a href=\"\/about-us\">Get to know us<\/a><\/p>\n<\/div>\n<div>\n<p>We ara more than<br \/>\n<strong>250 person<\/strong><\/p>\n<p>We are in the<br \/>\n<strong>middle of Europe<\/strong><\/p>\n<p>We have more than<br \/>\n<strong>80 trusted partners<\/strong><\/p>\n<\/div>\n","protected":false},"excerpt":{"rendered":"<p>We are PVC product manufacturing and trading company The ongropack you will love Get to know us We ara more than 250 person We are in the middle of Europe We have more than 80 trusted partners<\/p>\n","protected":false},"author":1,"featured_media":0,"parent":0,"menu_order":0,"comment_status":"closed","ping_status":"closed","template":"","meta":{"footnotes":""},"class_list":["post-178","page","type-page","status-publish","hentry"],"yoast_head":"<!-- This site is optimized with the Yoast SEO plugin v26.8 - https:\/\/yoast.com\/product\/yoast-seo-wordpress\/ -->\n<title>M\u0171anyag term\u00e9keink felhaszn\u00e1lhat\u00f3k a mindennapi \u00e9letben - Ongropack<\/title>\n<meta name=\"robots\" content=\"index, follow, max-snippet:-1, max-image-preview:large, max-video-preview:-1\" \/>\n<link rel=\"canonical\" href=\"https:\/\/www.ongropack.com\/hu\/\" \/>\n<meta property=\"og:locale\" content=\"hu_HU\" \/>\n<meta property=\"og:type\" content=\"article\" \/>\n<meta property=\"og:title\" content=\"M\u0171anyag term\u00e9keink felhaszn\u00e1lhat\u00f3k a mindennapi \u00e9letben - Ongropack\" \/>\n<meta property=\"og:description\" content=\"We are PVC product manufacturing and trading company The ongropack you will love Get to know us We ara more than 250 person We are in the middle of Europe We have more than 80 trusted partners\" \/>\n<meta property=\"og:url\" content=\"https:\/\/www.ongropack.com\/hu\/\" \/>\n<meta property=\"og:site_name\" content=\"Ongropack\" \/>\n<meta property=\"article:modified_time\" content=\"2017-06-13T13:12:36+00:00\" \/>\n<meta name=\"twitter:card\" content=\"summary_large_image\" \/>\n<script type=\"application\/ld+json\" class=\"yoast-schema-graph\">{\"@context\":\"https:\/\/schema.org\",\"@graph\":[{\"@type\":\"WebPage\",\"@id\":\"https:\/\/www.ongropack.com\/hu\/\",\"url\":\"https:\/\/www.ongropack.com\/hu\/\",\"name\":\"M\u0171anyag term\u00e9keink felhaszn\u00e1lhat\u00f3k a mindennapi \u00e9letben - Ongropack\",\"isPartOf\":{\"@id\":\"https:\/\/www.ongropack.com\/hu\/#website\"},\"datePublished\":\"2017-05-19T12:47:23+00:00\",\"dateModified\":\"2017-06-13T13:12:36+00:00\",\"breadcrumb\":{\"@id\":\"https:\/\/www.ongropack.com\/hu\/#breadcrumb\"},\"inLanguage\":\"hu\",\"potentialAction\":[{\"@type\":\"ReadAction\",\"target\":[\"https:\/\/www.ongropack.com\/hu\/\"]}]},{\"@type\":\"BreadcrumbList\",\"@id\":\"https:\/\/www.ongropack.com\/hu\/#breadcrumb\",\"itemListElement\":[{\"@type\":\"ListItem\",\"position\":1,\"name\":\"Home\",\"item\":\"https:\/\/www.ongropack.com\/hu\/\"},{\"@type\":\"ListItem\",\"position\":2,\"name\":\"M\u0171anyag term\u00e9keink felhaszn\u00e1lhat\u00f3k a mindennapi \u00e9letben\"}]},{\"@type\":\"WebSite\",\"@id\":\"https:\/\/www.ongropack.com\/hu\/#website\",\"url\":\"https:\/\/www.ongropack.com\/hu\/\",\"name\":\"Ongropack\",\"description\":\"\",\"potentialAction\":[{\"@type\":\"SearchAction\",\"target\":{\"@type\":\"EntryPoint\",\"urlTemplate\":\"https:\/\/www.ongropack.com\/hu\/?s={search_term_string}\"},\"query-input\":{\"@type\":\"PropertyValueSpecification\",\"valueRequired\":true,\"valueName\":\"search_term_string\"}}],\"inLanguage\":\"hu\"}]}<\/script>\n<!-- \/ Yoast SEO plugin. -->","yoast_head_json":{"title":"M\u0171anyag term\u00e9keink felhaszn\u00e1lhat\u00f3k a mindennapi \u00e9letben - Ongropack","robots":{"index":"index","follow":"follow","max-snippet":"max-snippet:-1","max-image-preview":"max-image-preview:large","max-video-preview":"max-video-preview:-1"},"canonical":"https:\/\/www.ongropack.com\/hu\/","og_locale":"hu_HU","og_type":"article","og_title":"M\u0171anyag term\u00e9keink felhaszn\u00e1lhat\u00f3k a mindennapi \u00e9letben - Ongropack","og_description":"We are PVC product manufacturing and trading company The ongropack you will love Get to know us We ara more than 250 person We are in the middle of Europe We have more than 80 trusted partners","og_url":"https:\/\/www.ongropack.com\/hu\/","og_site_name":"Ongropack","article_modified_time":"2017-06-13T13:12:36+00:00","twitter_card":"summary_large_image","schema":{"@context":"https:\/\/schema.org","@graph":[{"@type":"WebPage","@id":"https:\/\/www.ongropack.com\/hu\/","url":"https:\/\/www.ongropack.com\/hu\/","name":"M\u0171anyag term\u00e9keink felhaszn\u00e1lhat\u00f3k a mindennapi \u00e9letben - Ongropack","isPartOf":{"@id":"https:\/\/www.ongropack.com\/hu\/#website"},"datePublished":"2017-05-19T12:47:23+00:00","dateModified":"2017-06-13T13:12:36+00:00","breadcrumb":{"@id":"https:\/\/www.ongropack.com\/hu\/#breadcrumb"},"inLanguage":"hu","potentialAction":[{"@type":"ReadAction","target":["https:\/\/www.ongropack.com\/hu\/"]}]},{"@type":"BreadcrumbList","@id":"https:\/\/www.ongropack.com\/hu\/#breadcrumb","itemListElement":[{"@type":"ListItem","position":1,"name":"Home","item":"https:\/\/www.ongropack.com\/hu\/"},{"@type":"ListItem","position":2,"name":"M\u0171anyag term\u00e9keink felhaszn\u00e1lhat\u00f3k a mindennapi \u00e9letben"}]},{"@type":"WebSite","@id":"https:\/\/www.ongropack.com\/hu\/#website","url":"https:\/\/www.ongropack.com\/hu\/","name":"Ongropack","description":"","potentialAction":[{"@type":"SearchAction","target":{"@type":"EntryPoint","urlTemplate":"https:\/\/www.ongropack.com\/hu\/?s={search_term_string}"},"query-input":{"@type":"PropertyValueSpecification","valueRequired":true,"valueName":"search_term_string"}}],"inLanguage":"hu"}]}},"_links":{"self":[{"href":"https:\/\/www.ongropack.com\/hu\/wp-json\/wp\/v2\/pages\/178","targetHints":{"allow":["GET"]}}],"collection":[{"href":"https:\/\/www.ongropack.com\/hu\/wp-json\/wp\/v2\/pages"}],"about":[{"href":"https:\/\/www.ongropack.com\/hu\/wp-json\/wp\/v2\/types\/page"}],"author":[{"embeddable":true,"href":"https:\/\/www.ongropack.com\/hu\/wp-json\/wp\/v2\/users\/1"}],"replies":[{"embeddable":true,"href":"https:\/\/www.ongropack.com\/hu\/wp-json\/wp\/v2\/comments?post=178"}],"version-history":[{"count":1,"href":"https:\/\/www.ongropack.com\/hu\/wp-json\/wp\/v2\/pages\/178\/revisions"}],"predecessor-version":[{"id":179,"href":"https:\/\/www.ongropack.com\/hu\/wp-json\/wp\/v2\/pages\/178\/revisions\/179"}],"wp:attachment":[{"href":"https:\/\/www.ongropack.com\/hu\/wp-json\/wp\/v2\/media?parent=178"}],"curies":[{"name":"wp","href":"https:\/\/api.w.org\/{rel}","templated":true}]}}