{"id":163,"date":"2017-05-22T07:55:25","date_gmt":"2017-05-22T07:55:25","guid":{"rendered":"http:\/\/www.ongropack.com\/?page_id=163\/"},"modified":"2018-01-04T14:34:19","modified_gmt":"2018-01-04T14:34:19","slug":"rolunk","status":"publish","type":"page","link":"https:\/\/www.ongropack.com\/hu\/rolunk\/","title":{"rendered":"R\u00f3lunk"},"content":{"rendered":"<h2>We are PVC product manufacturing and trading company<\/h2>\n<p>We are more than<br \/>\n<strong>250 person<\/strong><\/p>\n<p>We are in the<br \/>\n<strong>middle of Europe<\/strong><\/p>\n<p>We have more than<br \/>\n<strong>80 trusted partners<\/strong><\/p>\n<h3>Our goal<\/h3>\n<p>Lorem ipsum dolor sit amet, consectetur adipiscing elit. Morbi euismod maximus velit, in laoreet lectus semper. Lorem ipsum dolor sit amet, consectetur adipiscing elit. Morbi euismod maximus velit, in laoreet lectus semper<\/p>\n<h3>Mission<\/h3>\n<p>Vev\u0151inkkel egy\u00fctt tov\u00e1bb er\u0151s\u00edtj\u00fck vezet\u0151 PVC-gy\u00e1rt\u00f3 szerep\u00fcnket K\u00f6z\u00e9p-Kelet Eur\u00f3p\u00e1ban!<\/p>\n<p>T\u00e1rsadalmi felel\u0151s\u00e9gv\u00e1llal\u00e1sunk<\/p>\n<h3>History<\/h3>\n<ul>\n<li><strong>1960<\/strong><br \/>\nBVK PVC M\u0171anyagfeldolgoz\u00f3 \u00dczem l\u00e9trehoz\u00e1sa<\/li>\n<li><strong>1990<br \/>\n<\/strong><br \/>\nBorsodChem Zrt l\u00e9trehoz\u00e1sa<\/li>\n<li><strong>1994<br \/>\n<\/strong>BC Zrt megalak\u00edtja a MAF \u00fczemb\u0151l a BC-Ongrapack Kft-t<\/li>\n<li><strong>2009<\/strong><br \/>\nMegalakul az \u00f6n\u00e1ll\u00f3 Ongropack Kft (kor\u00e1bbi vez\u00e9rigazgat\u00f3 kiv\u00e1s\u00e1rolta a BC-b\u0151l)<\/li>\n<li><strong>2017-2019<\/strong><br \/>\nSaj\u00e1t ipari park \u00e9s \u00faj telephely fel\u00e9p\u00edt\u00e9se<\/li>\n<\/ul>\n<h3>Team<\/h3>\n<p><strong>Csoport neve<\/strong><\/p>\n<p>Full name<\/p>\n<p>position name<\/p>\n","protected":false},"excerpt":{"rendered":"<p>We are PVC product manufacturing and trading company We are more than 250 person We are in the middle of Europe We have more than 80 trusted partners Our goal Lorem ipsum dolor sit amet, consectetur adipiscing elit. Morbi euismod maximus velit, in laoreet lectus semper. Lorem ipsum dolor sit amet, consectetur adipiscing elit. Morbi&#8230;<\/p>\n","protected":false},"author":1,"featured_media":0,"parent":0,"menu_order":0,"comment_status":"closed","ping_status":"closed","template":"template-about-us.php","meta":{"footnotes":""},"class_list":["post-163","page","type-page","status-publish","hentry"],"yoast_head":"<!-- This site is optimized with the Yoast SEO plugin v26.8 - https:\/\/yoast.com\/product\/yoast-seo-wordpress\/ -->\n<title>R\u00f3lunk - Ongropack<\/title>\n<meta name=\"robots\" content=\"index, follow, max-snippet:-1, max-image-preview:large, max-video-preview:-1\" \/>\n<link rel=\"canonical\" href=\"https:\/\/www.xmas.ongropack.com\/hu\/rolunk\/\" \/>\n<meta property=\"og:locale\" content=\"hu_HU\" \/>\n<meta property=\"og:type\" content=\"article\" \/>\n<meta property=\"og:title\" content=\"R\u00f3lunk - Ongropack\" \/>\n<meta property=\"og:description\" content=\"We are PVC product manufacturing and trading company We are more than 250 person We are in the middle of Europe We have more than 80 trusted partners Our goal Lorem ipsum dolor sit amet, consectetur adipiscing elit. Morbi euismod maximus velit, in laoreet lectus semper. Lorem ipsum dolor sit amet, consectetur adipiscing elit. Morbi...\" \/>\n<meta property=\"og:url\" content=\"https:\/\/www.xmas.ongropack.com\/hu\/rolunk\/\" \/>\n<meta property=\"og:site_name\" content=\"Ongropack\" \/>\n<meta property=\"article:modified_time\" content=\"2018-01-04T14:34:19+00:00\" \/>\n<meta name=\"twitter:card\" content=\"summary_large_image\" \/>\n<meta name=\"twitter:label1\" content=\"Becs\u00fclt olvas\u00e1si id\u0151\" \/>\n\t<meta name=\"twitter:data1\" content=\"1 perc\" \/>\n<script type=\"application\/ld+json\" class=\"yoast-schema-graph\">{\"@context\":\"https:\/\/schema.org\",\"@graph\":[{\"@type\":\"WebPage\",\"@id\":\"https:\/\/www.xmas.ongropack.com\/hu\/rolunk\/\",\"url\":\"https:\/\/www.xmas.ongropack.com\/hu\/rolunk\/\",\"name\":\"R\u00f3lunk - Ongropack\",\"isPartOf\":{\"@id\":\"https:\/\/www.sitemaps.ongropack.com\/#website\"},\"datePublished\":\"2017-05-22T07:55:25+00:00\",\"dateModified\":\"2018-01-04T14:34:19+00:00\",\"breadcrumb\":{\"@id\":\"https:\/\/www.xmas.ongropack.com\/hu\/rolunk\/#breadcrumb\"},\"inLanguage\":\"hu\",\"potentialAction\":[{\"@type\":\"ReadAction\",\"target\":[\"https:\/\/www.xmas.ongropack.com\/hu\/rolunk\/\"]}]},{\"@type\":\"BreadcrumbList\",\"@id\":\"https:\/\/www.xmas.ongropack.com\/hu\/rolunk\/#breadcrumb\",\"itemListElement\":[{\"@type\":\"ListItem\",\"position\":1,\"name\":\"Home\",\"item\":\"https:\/\/www.xmas.ongropack.com\/hu\/\"},{\"@type\":\"ListItem\",\"position\":2,\"name\":\"R\u00f3lunk\"}]},{\"@type\":\"WebSite\",\"@id\":\"https:\/\/www.sitemaps.ongropack.com\/#website\",\"url\":\"https:\/\/www.sitemaps.ongropack.com\/\",\"name\":\"Ongropack\",\"description\":\"\",\"potentialAction\":[{\"@type\":\"SearchAction\",\"target\":{\"@type\":\"EntryPoint\",\"urlTemplate\":\"https:\/\/www.sitemaps.ongropack.com\/?s={search_term_string}\"},\"query-input\":{\"@type\":\"PropertyValueSpecification\",\"valueRequired\":true,\"valueName\":\"search_term_string\"}}],\"inLanguage\":\"hu\"}]}<\/script>\n<!-- \/ Yoast SEO plugin. -->","yoast_head_json":{"title":"R\u00f3lunk - Ongropack","robots":{"index":"index","follow":"follow","max-snippet":"max-snippet:-1","max-image-preview":"max-image-preview:large","max-video-preview":"max-video-preview:-1"},"canonical":"https:\/\/www.xmas.ongropack.com\/hu\/rolunk\/","og_locale":"hu_HU","og_type":"article","og_title":"R\u00f3lunk - Ongropack","og_description":"We are PVC product manufacturing and trading company We are more than 250 person We are in the middle of Europe We have more than 80 trusted partners Our goal Lorem ipsum dolor sit amet, consectetur adipiscing elit. Morbi euismod maximus velit, in laoreet lectus semper. Lorem ipsum dolor sit amet, consectetur adipiscing elit. Morbi...","og_url":"https:\/\/www.xmas.ongropack.com\/hu\/rolunk\/","og_site_name":"Ongropack","article_modified_time":"2018-01-04T14:34:19+00:00","twitter_card":"summary_large_image","twitter_misc":{"Becs\u00fclt olvas\u00e1si id\u0151":"1 perc"},"schema":{"@context":"https:\/\/schema.org","@graph":[{"@type":"WebPage","@id":"https:\/\/www.xmas.ongropack.com\/hu\/rolunk\/","url":"https:\/\/www.xmas.ongropack.com\/hu\/rolunk\/","name":"R\u00f3lunk - Ongropack","isPartOf":{"@id":"https:\/\/www.sitemaps.ongropack.com\/#website"},"datePublished":"2017-05-22T07:55:25+00:00","dateModified":"2018-01-04T14:34:19+00:00","breadcrumb":{"@id":"https:\/\/www.xmas.ongropack.com\/hu\/rolunk\/#breadcrumb"},"inLanguage":"hu","potentialAction":[{"@type":"ReadAction","target":["https:\/\/www.xmas.ongropack.com\/hu\/rolunk\/"]}]},{"@type":"BreadcrumbList","@id":"https:\/\/www.xmas.ongropack.com\/hu\/rolunk\/#breadcrumb","itemListElement":[{"@type":"ListItem","position":1,"name":"Home","item":"https:\/\/www.xmas.ongropack.com\/hu\/"},{"@type":"ListItem","position":2,"name":"R\u00f3lunk"}]},{"@type":"WebSite","@id":"https:\/\/www.sitemaps.ongropack.com\/#website","url":"https:\/\/www.sitemaps.ongropack.com\/","name":"Ongropack","description":"","potentialAction":[{"@type":"SearchAction","target":{"@type":"EntryPoint","urlTemplate":"https:\/\/www.sitemaps.ongropack.com\/?s={search_term_string}"},"query-input":{"@type":"PropertyValueSpecification","valueRequired":true,"valueName":"search_term_string"}}],"inLanguage":"hu"}]}},"_links":{"self":[{"href":"https:\/\/www.ongropack.com\/hu\/wp-json\/wp\/v2\/pages\/163","targetHints":{"allow":["GET"]}}],"collection":[{"href":"https:\/\/www.ongropack.com\/hu\/wp-json\/wp\/v2\/pages"}],"about":[{"href":"https:\/\/www.ongropack.com\/hu\/wp-json\/wp\/v2\/types\/page"}],"author":[{"embeddable":true,"href":"https:\/\/www.ongropack.com\/hu\/wp-json\/wp\/v2\/users\/1"}],"replies":[{"embeddable":true,"href":"https:\/\/www.ongropack.com\/hu\/wp-json\/wp\/v2\/comments?post=163"}],"version-history":[{"count":1,"href":"https:\/\/www.ongropack.com\/hu\/wp-json\/wp\/v2\/pages\/163\/revisions"}],"predecessor-version":[{"id":702,"href":"https:\/\/www.ongropack.com\/hu\/wp-json\/wp\/v2\/pages\/163\/revisions\/702"}],"wp:attachment":[{"href":"https:\/\/www.ongropack.com\/hu\/wp-json\/wp\/v2\/media?parent=163"}],"curies":[{"name":"wp","href":"https:\/\/api.w.org\/{rel}","templated":true}]}}